{"id":26,"date":"2020-06-21T09:26:20","date_gmt":"2020-06-21T09:26:20","guid":{"rendered":"http:\/\/www.b-dent.com\/trgovina\/?page_id=26"},"modified":"2022-01-15T17:19:43","modified_gmt":"2022-01-15T17:19:43","slug":"26-2","status":"publish","type":"page","link":"https:\/\/www.b-dent.com\/trgovina\/","title":{"rendered":"Bdent"},"content":{"rendered":"\n<p><\/p>\n\n\n\n<div class=\"wp-block-group\"><div class=\"wp-block-group__inner-container\">\n<div class=\"wp-block-group\"><div class=\"wp-block-group__inner-container\">\n<div class=\"wp-block-group\"><div class=\"wp-block-group__inner-container\"><\/div><\/div>\n<\/div><\/div>\n<\/div><\/div>\n\n\n<div class=\"wc-block-grid wp-block-handpicked-products wc-block-handpicked-products has-4-columns has-multiple-rows\"><ul class=\"wc-block-grid__products\"><li class=\"wc-block-grid__product\">\n\t\t\t\t<a href=\"https:\/\/www.b-dent.com\/trgovina\/product\/black-is-white-set-90-ml\/\" class=\"wc-block-grid__product-link\">\n\t\t\t\t\t<div class=\"wc-block-grid__product-image\"><img width=\"300\" height=\"375\" src=\"https:\/\/www.b-dent.com\/trgovina\/wp-content\/uploads\/2020\/09\/black-is-white-set-90-ml1-300x375.jpg\" class=\"attachment-woocommerce_thumbnail size-woocommerce_thumbnail\" alt=\"\" loading=\"lazy\" srcset=\"https:\/\/www.b-dent.com\/trgovina\/wp-content\/uploads\/2020\/09\/black-is-white-set-90-ml1-300x375.jpg 300w, https:\/\/www.b-dent.com\/trgovina\/wp-content\/uploads\/2020\/09\/black-is-white-set-90-ml1-240x300.jpg 240w, https:\/\/www.b-dent.com\/trgovina\/wp-content\/uploads\/2020\/09\/black-is-white-set-90-ml1-500x625.jpg 500w, https:\/\/www.b-dent.com\/trgovina\/wp-content\/uploads\/2020\/09\/black-is-white-set-90-ml1.jpg 540w\" sizes=\"(max-width: 300px) 100vw, 300px\" \/><\/div>\n\t\t\t\t\t<div class=\"wc-block-grid__product-title\">Black is White set, 90 ml<\/div>\n\t\t\t\t<\/a>\n\t\t\t\t\n\t\t\t\t<div class=\"wc-block-grid__product-price price\"><span class=\"woocommerce-Price-amount amount\"><bdi><span class=\"woocommerce-Price-currencySymbol\">&euro;<\/span>27,30<\/bdi><\/span><\/div>\n\t\t\t\t\n\t\t\t\t\n\t\t\t<\/li><li class=\"wc-block-grid__product\">\n\t\t\t\t<a href=\"https:\/\/www.b-dent.com\/trgovina\/product\/curaprox-black-is-white-hydrosonic\/\" class=\"wc-block-grid__product-link\">\n\t\t\t\t\t<div class=\"wc-block-grid__product-image\"><img width=\"300\" height=\"375\" src=\"https:\/\/www.b-dent.com\/trgovina\/wp-content\/uploads\/2020\/09\/black-is-white-hydrosonic-300x375.jpg\" class=\"attachment-woocommerce_thumbnail size-woocommerce_thumbnail\" alt=\"\" loading=\"lazy\" srcset=\"https:\/\/www.b-dent.com\/trgovina\/wp-content\/uploads\/2020\/09\/black-is-white-hydrosonic-300x375.jpg 300w, https:\/\/www.b-dent.com\/trgovina\/wp-content\/uploads\/2020\/09\/black-is-white-hydrosonic-240x300.jpg 240w, https:\/\/www.b-dent.com\/trgovina\/wp-content\/uploads\/2020\/09\/black-is-white-hydrosonic-500x625.jpg 500w, https:\/\/www.b-dent.com\/trgovina\/wp-content\/uploads\/2020\/09\/black-is-white-hydrosonic.jpg 540w\" sizes=\"(max-width: 300px) 100vw, 300px\" \/><\/div>\n\t\t\t\t\t<div class=\"wc-block-grid__product-title\">CURAPROX Black is White Hydrosonic<\/div>\n\t\t\t\t<\/a>\n\t\t\t\t\n\t\t\t\t<div class=\"wc-block-grid__product-price price\"><span class=\"woocommerce-Price-amount amount\"><bdi><span class=\"woocommerce-Price-currencySymbol\">&euro;<\/span>169,00<\/bdi><\/span><\/div>\n\t\t\t\t\n\t\t\t\t\n\t\t\t<\/li><li class=\"wc-block-grid__product\">\n\t\t\t\t<a href=\"https:\/\/www.b-dent.com\/trgovina\/product\/curaprox-hydrosonic-easy\/\" class=\"wc-block-grid__product-link\">\n\t\t\t\t\t<div class=\"wc-block-grid__product-image\"><img width=\"300\" height=\"375\" src=\"https:\/\/www.b-dent.com\/trgovina\/wp-content\/uploads\/2020\/08\/hydrosonic-easy1-300x375.jpg\" class=\"attachment-woocommerce_thumbnail size-woocommerce_thumbnail\" alt=\"hydrosonic-easy\" loading=\"lazy\" srcset=\"https:\/\/www.b-dent.com\/trgovina\/wp-content\/uploads\/2020\/08\/hydrosonic-easy1-300x375.jpg 300w, https:\/\/www.b-dent.com\/trgovina\/wp-content\/uploads\/2020\/08\/hydrosonic-easy1-240x300.jpg 240w, https:\/\/www.b-dent.com\/trgovina\/wp-content\/uploads\/2020\/08\/hydrosonic-easy1-500x625.jpg 500w, https:\/\/www.b-dent.com\/trgovina\/wp-content\/uploads\/2020\/08\/hydrosonic-easy1.jpg 540w\" sizes=\"(max-width: 300px) 100vw, 300px\" \/><\/div>\n\t\t\t\t\t<div class=\"wc-block-grid__product-title\">CURAPROX Hydrosonic Easy<\/div>\n\t\t\t\t<\/a>\n\t\t\t\t\n\t\t\t\t<div class=\"wc-block-grid__product-price price\"><span class=\"woocommerce-Price-amount amount\"><bdi><span class=\"woocommerce-Price-currencySymbol\">&euro;<\/span>119,00<\/bdi><\/span><\/div>\n\t\t\t\t\n\t\t\t\t\n\t\t\t<\/li><li class=\"wc-block-grid__product\">\n\t\t\t\t<a href=\"https:\/\/www.b-dent.com\/trgovina\/product\/hydrosonic-pro\/\" class=\"wc-block-grid__product-link\">\n\t\t\t\t\t<div class=\"wc-block-grid__product-image\"><img width=\"300\" height=\"375\" src=\"https:\/\/www.b-dent.com\/trgovina\/wp-content\/uploads\/2020\/08\/hydrosonic-pro-300x375.jpg\" class=\"attachment-woocommerce_thumbnail size-woocommerce_thumbnail\" alt=\"Elektri\u010dna zobna \u0161\u010detka\" loading=\"lazy\" srcset=\"https:\/\/www.b-dent.com\/trgovina\/wp-content\/uploads\/2020\/08\/hydrosonic-pro-300x375.jpg 300w, https:\/\/www.b-dent.com\/trgovina\/wp-content\/uploads\/2020\/08\/hydrosonic-pro-240x300.jpg 240w, https:\/\/www.b-dent.com\/trgovina\/wp-content\/uploads\/2020\/08\/hydrosonic-pro-500x625.jpg 500w, https:\/\/www.b-dent.com\/trgovina\/wp-content\/uploads\/2020\/08\/hydrosonic-pro.jpg 540w\" sizes=\"(max-width: 300px) 100vw, 300px\" \/><\/div>\n\t\t\t\t\t<div class=\"wc-block-grid__product-title\">CURAPROX Hydrosonic Pro<\/div>\n\t\t\t\t<\/a>\n\t\t\t\t<div class=\"wc-block-grid__product-onsale\">\n\t\t\t<span aria-hidden=\"true\">Akcija<\/span>\n\t\t\t<span class=\"screen-reader-text\">Izdelki v akciji<\/span>\n\t\t<\/div>\n\t\t\t\t<div class=\"wc-block-grid__product-price price\"><del><span class=\"woocommerce-Price-amount amount\"><bdi><span class=\"woocommerce-Price-currencySymbol\">&euro;<\/span>199,00<\/bdi><\/span><\/del> <ins><span class=\"woocommerce-Price-amount amount\"><bdi><span class=\"woocommerce-Price-currencySymbol\">&euro;<\/span>195,00<\/bdi><\/span><\/ins><\/div>\n\t\t\t\t\n\t\t\t\t\n\t\t\t<\/li><li class=\"wc-block-grid__product\">\n\t\t\t\t<a href=\"https:\/\/www.b-dent.com\/trgovina\/product\/cvetova-uhani\/\" class=\"wc-block-grid__product-link\">\n\t\t\t\t\t<div class=\"wc-block-grid__product-image\"><img width=\"300\" height=\"200\" src=\"https:\/\/www.b-dent.com\/trgovina\/wp-content\/uploads\/2021\/12\/cvetki-300x200.jpg\" class=\"attachment-woocommerce_thumbnail size-woocommerce_thumbnail\" alt=\"\" loading=\"lazy\" srcset=\"https:\/\/www.b-dent.com\/trgovina\/wp-content\/uploads\/2021\/12\/cvetki-300x200.jpg 300w, https:\/\/www.b-dent.com\/trgovina\/wp-content\/uploads\/2021\/12\/cvetki-1024x683.jpg 1024w, https:\/\/www.b-dent.com\/trgovina\/wp-content\/uploads\/2021\/12\/cvetki-768x512.jpg 768w, https:\/\/www.b-dent.com\/trgovina\/wp-content\/uploads\/2021\/12\/cvetki-1536x1024.jpg 1536w, https:\/\/www.b-dent.com\/trgovina\/wp-content\/uploads\/2021\/12\/cvetki-2048x1365.jpg 2048w, https:\/\/www.b-dent.com\/trgovina\/wp-content\/uploads\/2021\/12\/cvetki-500x333.jpg 500w\" sizes=\"(max-width: 300px) 100vw, 300px\" \/><\/div>\n\t\t\t\t\t<div class=\"wc-block-grid__product-title\">Cvetova, uhani<\/div>\n\t\t\t\t<\/a>\n\t\t\t\t<div class=\"wc-block-grid__product-onsale\">\n\t\t\t<span aria-hidden=\"true\">Akcija<\/span>\n\t\t\t<span class=\"screen-reader-text\">Izdelki v akciji<\/span>\n\t\t<\/div>\n\t\t\t\t<div class=\"wc-block-grid__product-price price\"><del><span class=\"woocommerce-Price-amount amount\"><bdi><span class=\"woocommerce-Price-currencySymbol\">&euro;<\/span>60,00<\/bdi><\/span><\/del> <ins><span class=\"woocommerce-Price-amount amount\"><bdi><span class=\"woocommerce-Price-currencySymbol\">&euro;<\/span>55,00<\/bdi><\/span><\/ins><\/div>\n\t\t\t\t\n\t\t\t\t\n\t\t\t<\/li><li class=\"wc-block-grid__product\">\n\t\t\t\t<a href=\"https:\/\/www.b-dent.com\/trgovina\/product\/darilna-skatla-za-deklice\/\" class=\"wc-block-grid__product-link\">\n\t\t\t\t\t<div class=\"wc-block-grid__product-image\"><img width=\"300\" height=\"375\" src=\"https:\/\/www.b-dent.com\/trgovina\/wp-content\/uploads\/2020\/09\/darilna-skatla-za-deklice1-300x375.jpg\" class=\"attachment-woocommerce_thumbnail size-woocommerce_thumbnail\" alt=\"\" loading=\"lazy\" srcset=\"https:\/\/www.b-dent.com\/trgovina\/wp-content\/uploads\/2020\/09\/darilna-skatla-za-deklice1-300x375.jpg 300w, https:\/\/www.b-dent.com\/trgovina\/wp-content\/uploads\/2020\/09\/darilna-skatla-za-deklice1-240x300.jpg 240w, https:\/\/www.b-dent.com\/trgovina\/wp-content\/uploads\/2020\/09\/darilna-skatla-za-deklice1-500x625.jpg 500w, https:\/\/www.b-dent.com\/trgovina\/wp-content\/uploads\/2020\/09\/darilna-skatla-za-deklice1.jpg 540w\" sizes=\"(max-width: 300px) 100vw, 300px\" \/><\/div>\n\t\t\t\t\t<div class=\"wc-block-grid__product-title\">Darilna \u0161katla za deklice<\/div>\n\t\t\t\t<\/a>\n\t\t\t\t\n\t\t\t\t<div class=\"wc-block-grid__product-price price\"><span class=\"woocommerce-Price-amount amount\"><bdi><span class=\"woocommerce-Price-currencySymbol\">&euro;<\/span>48,90<\/bdi><\/span><\/div>\n\t\t\t\t\n\t\t\t\t\n\t\t\t<\/li><li class=\"wc-block-grid__product\">\n\t\t\t\t<a href=\"https:\/\/www.b-dent.com\/trgovina\/product\/obrocek-za-grizenje-moder\/\" class=\"wc-block-grid__product-link\">\n\t\t\t\t\t<div class=\"wc-block-grid__product-image\"><img width=\"300\" height=\"375\" src=\"https:\/\/www.b-dent.com\/trgovina\/wp-content\/uploads\/2020\/10\/obrocek-za-grizenje-moder1-300x375.jpg\" class=\"attachment-woocommerce_thumbnail size-woocommerce_thumbnail\" alt=\"\" loading=\"lazy\" srcset=\"https:\/\/www.b-dent.com\/trgovina\/wp-content\/uploads\/2020\/10\/obrocek-za-grizenje-moder1-300x375.jpg 300w, https:\/\/www.b-dent.com\/trgovina\/wp-content\/uploads\/2020\/10\/obrocek-za-grizenje-moder1-240x300.jpg 240w, https:\/\/www.b-dent.com\/trgovina\/wp-content\/uploads\/2020\/10\/obrocek-za-grizenje-moder1-500x625.jpg 500w, https:\/\/www.b-dent.com\/trgovina\/wp-content\/uploads\/2020\/10\/obrocek-za-grizenje-moder1.jpg 540w\" sizes=\"(max-width: 300px) 100vw, 300px\" \/><\/div>\n\t\t\t\t\t<div class=\"wc-block-grid__product-title\">Obro\u010dek za grizenje, moder<\/div>\n\t\t\t\t<\/a>\n\t\t\t\t<div class=\"wc-block-grid__product-onsale\">\n\t\t\t<span aria-hidden=\"true\">Akcija<\/span>\n\t\t\t<span class=\"screen-reader-text\">Izdelki v akciji<\/span>\n\t\t<\/div>\n\t\t\t\t<div class=\"wc-block-grid__product-price price\"><del><span class=\"woocommerce-Price-amount amount\"><bdi><span class=\"woocommerce-Price-currencySymbol\">&euro;<\/span>22,04<\/bdi><\/span><\/del> <ins><span class=\"woocommerce-Price-amount amount\"><bdi><span class=\"woocommerce-Price-currencySymbol\">&euro;<\/span>19,00<\/bdi><\/span><\/ins><\/div>\n\t\t\t\t\n\t\t\t\t\n\t\t\t<\/li><li class=\"wc-block-grid__product\">\n\t\t\t\t<a href=\"https:\/\/www.b-dent.com\/trgovina\/product\/uhani-iz-cirkonija\/\" class=\"wc-block-grid__product-link\">\n\t\t\t\t\t<div class=\"wc-block-grid__product-image\"><img width=\"300\" height=\"450\" src=\"https:\/\/www.b-dent.com\/trgovina\/wp-content\/uploads\/2021\/09\/marjetice-300x450.jpg\" class=\"attachment-woocommerce_thumbnail size-woocommerce_thumbnail\" alt=\"\" loading=\"lazy\" srcset=\"https:\/\/www.b-dent.com\/trgovina\/wp-content\/uploads\/2021\/09\/marjetice-300x450.jpg 300w, https:\/\/www.b-dent.com\/trgovina\/wp-content\/uploads\/2021\/09\/marjetice-200x300.jpg 200w, https:\/\/www.b-dent.com\/trgovina\/wp-content\/uploads\/2021\/09\/marjetice-683x1024.jpg 683w, https:\/\/www.b-dent.com\/trgovina\/wp-content\/uploads\/2021\/09\/marjetice-768x1152.jpg 768w, https:\/\/www.b-dent.com\/trgovina\/wp-content\/uploads\/2021\/09\/marjetice-1024x1536.jpg 1024w, https:\/\/www.b-dent.com\/trgovina\/wp-content\/uploads\/2021\/09\/marjetice-1365x2048.jpg 1365w, https:\/\/www.b-dent.com\/trgovina\/wp-content\/uploads\/2021\/09\/marjetice-500x750.jpg 500w, https:\/\/www.b-dent.com\/trgovina\/wp-content\/uploads\/2021\/09\/marjetice-scaled.jpg 1707w\" sizes=\"(max-width: 300px) 100vw, 300px\" \/><\/div>\n\t\t\t\t\t<div class=\"wc-block-grid__product-title\">Uhani iz cirkonija<\/div>\n\t\t\t\t<\/a>\n\t\t\t\t\n\t\t\t\t<div class=\"wc-block-grid__product-price price\"><span class=\"woocommerce-Price-amount amount\"><bdi><span class=\"woocommerce-Price-currencySymbol\">&euro;<\/span>80,00<\/bdi><\/span><\/div>\n\t\t\t\t\n\t\t\t\t\n\t\t\t<\/li><\/ul><\/div>","protected":false},"excerpt":{"rendered":"","protected":false},"author":1,"featured_media":0,"parent":0,"menu_order":0,"comment_status":"closed","ping_status":"closed","template":"tpl-page-fullwidth.php","meta":{"spay_email":""},"yoast_head":"<!-- This site is optimized with the Yoast SEO plugin v14.8.1 - https:\/\/yoast.com\/wordpress\/plugins\/seo\/ -->\n<title>Bdent | Bdent trgovina<\/title>\n<meta name=\"robots\" content=\"index, follow\" \/>\n<meta name=\"googlebot\" content=\"index, follow, max-snippet:-1, max-image-preview:large, max-video-preview:-1\" \/>\n<meta name=\"bingbot\" content=\"index, follow, max-snippet:-1, max-image-preview:large, max-video-preview:-1\" \/>\n<link rel=\"canonical\" href=\"http:\/\/www.b-dent.com\/trgovina\/\" \/>\n<meta property=\"og:locale\" content=\"sl_SI\" \/>\n<meta property=\"og:type\" content=\"article\" \/>\n<meta property=\"og:title\" content=\"Bdent | Bdent trgovina\" \/>\n<meta property=\"og:url\" content=\"http:\/\/www.b-dent.com\/trgovina\/\" \/>\n<meta property=\"og:site_name\" content=\"Bdent trgovina\" \/>\n<meta property=\"article:publisher\" content=\"https:\/\/www.facebook.com\/BdentZobozdravstveneStoritve\/\" \/>\n<meta property=\"article:modified_time\" content=\"2022-01-15T17:19:43+00:00\" \/>\n<meta name=\"twitter:card\" content=\"summary_large_image\" \/>\n<script type=\"application\/ld+json\" class=\"yoast-schema-graph\">{\"@context\":\"https:\/\/schema.org\",\"@graph\":[{\"@type\":\"Organization\",\"@id\":\"https:\/\/www.b-dent.com\/trgovina\/#organization\",\"name\":\"Bdent trgovina\",\"url\":\"https:\/\/www.b-dent.com\/trgovina\/\",\"sameAs\":[\"https:\/\/www.facebook.com\/BdentZobozdravstveneStoritve\/\"],\"logo\":{\"@type\":\"ImageObject\",\"@id\":\"https:\/\/www.b-dent.com\/trgovina\/#logo\",\"inLanguage\":\"sl-SI\",\"url\":\"https:\/\/www.b-dent.com\/trgovina\/wp-content\/uploads\/2020\/06\/download.png\",\"width\":250,\"height\":90,\"caption\":\"Bdent trgovina\"},\"image\":{\"@id\":\"https:\/\/www.b-dent.com\/trgovina\/#logo\"}},{\"@type\":\"WebSite\",\"@id\":\"https:\/\/www.b-dent.com\/trgovina\/#website\",\"url\":\"https:\/\/www.b-dent.com\/trgovina\/\",\"name\":\"Bdent trgovina\",\"description\":\"\",\"publisher\":{\"@id\":\"https:\/\/www.b-dent.com\/trgovina\/#organization\"},\"potentialAction\":[{\"@type\":\"SearchAction\",\"target\":\"https:\/\/www.b-dent.com\/trgovina\/?s={search_term_string}\",\"query-input\":\"required name=search_term_string\"}],\"inLanguage\":\"sl-SI\"},{\"@type\":\"WebPage\",\"@id\":\"http:\/\/www.b-dent.com\/trgovina\/#webpage\",\"url\":\"http:\/\/www.b-dent.com\/trgovina\/\",\"name\":\"Bdent | Bdent trgovina\",\"isPartOf\":{\"@id\":\"https:\/\/www.b-dent.com\/trgovina\/#website\"},\"datePublished\":\"2020-06-21T09:26:20+00:00\",\"dateModified\":\"2022-01-15T17:19:43+00:00\",\"inLanguage\":\"sl-SI\",\"potentialAction\":[{\"@type\":\"ReadAction\",\"target\":[\"http:\/\/www.b-dent.com\/trgovina\/\"]}]}]}<\/script>\n<!-- \/ Yoast SEO plugin. -->","_links":{"self":[{"href":"https:\/\/www.b-dent.com\/trgovina\/wp-json\/wp\/v2\/pages\/26"}],"collection":[{"href":"https:\/\/www.b-dent.com\/trgovina\/wp-json\/wp\/v2\/pages"}],"about":[{"href":"https:\/\/www.b-dent.com\/trgovina\/wp-json\/wp\/v2\/types\/page"}],"author":[{"embeddable":true,"href":"https:\/\/www.b-dent.com\/trgovina\/wp-json\/wp\/v2\/users\/1"}],"replies":[{"embeddable":true,"href":"https:\/\/www.b-dent.com\/trgovina\/wp-json\/wp\/v2\/comments?post=26"}],"version-history":[{"count":17,"href":"https:\/\/www.b-dent.com\/trgovina\/wp-json\/wp\/v2\/pages\/26\/revisions"}],"predecessor-version":[{"id":300,"href":"https:\/\/www.b-dent.com\/trgovina\/wp-json\/wp\/v2\/pages\/26\/revisions\/300"}],"wp:attachment":[{"href":"https:\/\/www.b-dent.com\/trgovina\/wp-json\/wp\/v2\/media?parent=26"}],"curies":[{"name":"wp","href":"https:\/\/api.w.org\/{rel}","templated":true}]}}