{"id":3,"date":"2020-06-16T20:13:25","date_gmt":"2020-06-16T20:13:25","guid":{"rendered":"http:\/\/www.b-dent.com\/trgovina\/?page_id=3"},"modified":"2020-07-29T18:32:44","modified_gmt":"2020-07-29T18:32:44","slug":"privacy-policy","status":"publish","type":"page","link":"https:\/\/www.b-dent.com\/trgovina\/privacy-policy\/","title":{"rendered":"Pogoji poslovanja"},"content":{"rendered":"\n<p>SPLO\u0160NI POGOJI UPORABE SPLETI\u0160\u010cA<br>www.b-dent.com<\/p>\n\n\n\n<p>Ti splo\u0161ni pogoji urejajo pogoje in pravila uporabe spleti\u0161\u010da www.b-dent.com in spletne trgovine, ki se nahajajo na omenjenem spleti\u0161\u010du ali njegovih podstraneh.<\/p>\n\n\n\n<p>Pravila za uporabo spleti\u0161\u010da ali posamezne storitve so lahko urejena z dodatnimi pravili. \u010ce tak\u0161na pravila obstojijo, so dostopna na spletni strani, uporabnik pa bo nanje opozorjen pred uporabo.<\/p>\n\n\n\n<p>Upravljavec spleti\u0161\u010da je B DENT d.o.o., Kra\u0161nja 57A, Lukovica, mati\u010dna \u0161tevilka 2139251000, dav\u010dna \u0161tevilka 42206405 (v nadaljevanju tudi: upravljavec), ki je tudi imetnik avtorskih pravic in drugih pravic intelektualne lastnine.<\/p>\n\n\n\n<p>Za komuniciranje z upravljavcem lahko uporabniki uporabijo elektronski naslov: bdent.krasnja@gmail.com.<\/p>\n\n\n\n<p>Upravljavec lahko spleti\u0161\u010de dopolnjuje in prilagaja po svoji lastni presoji. Upravitelj ima pravico, da ob vsakem \u010dasu in brez navajanja razlogov ukine spletno stran ali prekine z nudenjem drugih storitev.<\/p>\n\n\n\n<p>Uporabnik uporablja spleti\u0161\u010de in vse mo\u017ene storitve na lastno odgovornost.<\/p>\n\n\n\n<p>Uporabnik je sam odgovoren za primernost uporabljene programske in strojne opreme, ki jo uporablja za dostopanje do spleti\u0161\u010da ali za uporabo storitev spleti\u0161\u010da.<\/p>\n\n\n\n<p>Upravljavec zagotavlja delovanje spleti\u0161\u010da in vseh storitev na njem v okviru svojih tehni\u010dnih zmo\u017enosti in ne daje jamstva neomejene, neprekinjene ali nemotene mo\u017enosti uporabe.<\/p>\n\n\n\n<p>V primeru uporabe nepla\u010dljivih storitev upravitelj ne odgovarja za nobeno \u0161kodo, ki bi zaradi nedelovanja spleti\u0161\u010da ali spletne trgovine, izpada spletne strani, vzdr\u017eevalnih del ali drugih tehni\u010dnih razlogov, ki povzro\u010dijo nezmo\u017enost ali omejeno mo\u017enost uporabe spletne strani in spletne trgovine, nastala uporabniku ali drugim osebam.<\/p>\n\n\n\n<p>Upravitelj ne odgovarja za \u0161kodo, ki bi nastala uporabnikom nepla\u010dljivih ali pla\u010dljivih storitev zaradi nedostopnosti ali nedelovanja spleti\u0161\u010da zaradi tehni\u010dnih razlogov, na katere upravitelj ne more vplivati.<\/p>\n\n\n\n<p>Uporaba spleti\u0161\u010da v komercialne ali reklamne namene je dovoljena le ob izrecnem in predhodnem soglasju upravljavca spletne strani.<\/p>\n\n\n\n<p>Uporabniki se morajo vzdr\u017eati vsakr\u0161nih ravnanj, s katerimi bi ogro\u017eali ali motili uporabo ali delovanje spleti\u0161\u010da.<br>Postopek registracije<\/p>\n\n\n\n<p>Uporabnik se registrira tako, da si ob registraciji izbere uporabni\u0161ko ime in geslo ter sporo\u010di elektronski naslov, na katerega se mu lahko po\u0161lje povezava za aktivacijo spletne strani.<\/p>\n\n\n\n<p>V registracijskem postopku se lahko od uporabnika zahtevajo tudi drugi podatki.<\/p>\n\n\n\n<p>Registracija mora biti opravljena osebno. Podatki, ki jih vna\u0161ajo uporabniki, morajo biti resni\u010dni.<\/p>\n\n\n\n<p>Prepovedana je uporaba imen ali besed, ki so avtorsko ali druga\u010de pravno za\u0161\u010ditene, ki so \u017ealjive, vzbujajo kakr\u0161no koli obliko nestrpnosti ali na drug na\u010din posegajo v pravice ali upravi\u010dene interese fizi\u010dnih ali pravnih oseb.<\/p>\n\n\n\n<p>Upravljavec lahko po lastnem preudarku zavrne registracijo pod nazivom, ki nakazuje na drugo osebo ali je za\u0161\u010diteno s pravicami prava intelektualne lastnine ali je neprimerno oziroma druga\u010de nesprejemljivo.<\/p>\n\n\n\n<p>Uporabnik se lahko kadarkoli odjavi od uporabe spleti\u0161\u010da. Odjavo izvede tako, da po\u0161lje izjavo o odjavi na elektronski naslov: bdent.krasnja@gmail.com.<\/p>\n\n\n\n<p>Po odjavi bo upravljavec izbrisal vse osebne podatke uporabnika, razen \u010de mora katerega od podatkov hraniti zaradi zakonskih zahtev.<br>Varstvo osebnih podatkov in pi\u0161kotki<\/p>\n\n\n\n<p>Z registracijo in uporabo spleti\u0161\u010da uporabnik potrjuje, da se strinja s splo\u0161nimi pogoji.<\/p>\n\n\n\n<p>Uporabnik se izrecno strinja, da se njegovi osebni podatki uvrstijo v seznam registriranih uporabnikov in da lahko upravljavec uporablja osebne podatke na na\u010din in za namene, ki so navedeni v nadaljevanju.<\/p>\n\n\n\n<p>Osebni podatki se zbirajo, obdelujejo, shranjujejo in uporabljajo zaradi potreb delovanja spleti\u0161\u010da (registracija) in zaradi statisti\u010dne obdelave, segmentacije uporabnikov, ugotavljanja spletnega obna\u0161anja uporabnikov, preu\u010ditve preteklega uporabni\u0161kega obna\u0161anja, po\u0161iljanja ponudb in reklamnega gradiva, revij in vabil na dogodke ter za telefonsko, pisno in elektronsko anketiranje, obve\u0161\u010danje o nagradnih igrah in druge reklamne aktivnosti.<\/p>\n\n\n\n<p>Uporabnik lahko kadarkoli pisno ali preko elektronskega sporo\u010dila zahteva, da upravljavec trajno ali za\u010dasno preneha uporabljati njegove osebne podatke za namen neposrednega tr\u017eenja. Upravljavec osebnih podatkov je dol\u017ean v 15 dneh ustrezno prepre\u010diti uporabo osebnih podatkov za namen neposrednega tr\u017eenja ter o tem v nadaljnjih petih dneh obvestiti uporabnika, ki je to zahteval, pisno ali preko elektronskega naslova.<\/p>\n\n\n\n<p>B-DENT d.o.o. se kot upravljavec osebnih podatkov zavezuje varovati osebne podatke, ki mu jih uporabniki posredujejo.<\/p>\n\n\n\n<p>Spletna stran uporablja pi\u0161kotke. Pi\u0161kotki so majhne tekstovne datoteke, ki se nalo\u017eijo na uporabnikov ra\u010dunalnik. Tako se uporabniki lahko prepoznajo, ko se vrnejo na spletno stran. Upravljavec podatkov, zbranih s pomo\u010djo pi\u0161kotkov, ne bo posredoval tretjim osebam.<\/p>\n\n\n\n<p>Uporabnik lahko pi\u0161kotke z dolo\u010denimi nastavitvami bri\u0161e, izklju\u010duje oziroma jih pogojno uporablja, vendar lahko to povzro\u010di, da ne bo mogel uporabljati vseh funkcij spletne strani v polni meri. Brskalniki so praviloma nastavljeni tako, da pi\u0161kotke sprejemajo, zavra\u010dajo pa nastavljanje pi\u0161kotkov, ki ne izvirajo iz podro\u010dja, zapisanega v naslovni vrstici.<\/p>\n\n\n\n<p>Upravljavec lahko osebne podatke, ki jih je uporabnik posredoval v postopku registracije, povezuje s podatki, ki so shranjeni v pi\u0161kotku. Upravljavec lahko podatke, ki jih proizvajajo pi\u0161kotki, lo\u010deno ali v kombinaciji s posredovanimi osebnimi podatki uporabnika uporabi za ovrednotenje uporabe spletne strani, za izdelavo poro\u010dil o aktivnostih internetne strani, statisti\u010dne analize podatkov, analize spletnega obna\u0161anja in navad uporabnika, za opravljanje nadaljnjih storitev, povezanih z uporabo spletne strani in druge aktivnosti neposrednega tr\u017eenja.<\/p>\n\n\n\n<p>Osebni podatki se bodo hranili le toliko \u010dasa, dokler je to potrebno za dosego namena, zaradi katerega so se zbirali ali nadalje obdelovali. V primeru odjave, izbrisa uporabnika, trajne ukinitve spleti\u0161\u010da ali preklica dovoljenja za uporabo bodo osebni podatki izbrisani.<\/p>\n\n\n\n<p>Shranjevanje podatkov ali pridobivanje dostopa do podatkov, shranjenih v terminalski opremi uporabnika, je dovoljeno samo pod pogojem, da je uporabnik v to privolil potem, ko je bil predhodno jasno in iz\u010drpno obve\u0161\u010den o upravljavcu in namenih obdelave teh podatkov v skladu z zakonom, ki ureja varstvo osebnih podatkov. V ta namen je uporabnik ob prvem vstopu na spletno stran obve\u0161\u010den o upravljavcu in namenu obdelave osebnih podatkov, uporabnik pa bo lahko privolil ali pa odklonil uporabo pi\u0161kotkov.<\/p>\n\n\n\n<p><br>Druga pravila za uporabo spleti\u0161\u010da<\/p>\n\n\n\n<p>Uporabnik ne sme posegati v spleti\u0161\u010de na na\u010din, ki niso izrecno predvideni s temi splo\u0161nimi pogoji ali drugimi pravili. Uporabnik ne sme izvajati aktivnosti, uporabljati mehanizmov ali programske opreme, ki bi lahko motili funkcijo in potek spletne strani. Uporabnik ne sme spreminjati vsebine ali na na\u010din posegati v spleti\u0161\u010de.<\/p>\n\n\n\n<p>Vsebina, ki je objavljena na spletnem mestu, je v izklju\u010dni lasti upravljavca spletnega mesta in je avtorskopravno za\u0161\u010ditena z veljavnimi zakoni. V vsebino se poleg besedila, aplikacij in podatkov \u0161teje tudi celotna grafi\u010dna podoba spletnega mesta z vsemi grafi\u010dnimi elementi.<\/p>\n\n\n\n<p>Prepovedano je vsakr\u0161no kopiranje in objavljanje katerekoli vsebine v celoti ali delno na drugih mestih, razen v primeru, da upravljavec to izrecno dovoli v pisni obliki.<\/p>\n\n\n\n<p>\u010ce uporabnik upravljavcu posreduje kakr\u0161ne koli materiale, enkrat in za vselej brezpa\u010dno prena\u0161a na upravljavca vse materialne avtorske pravice in dovoljuje uporabo ter objavo posredovanih materialov.<\/p>\n\n\n\n<p>Upravljavec ne odgovarja za to\u010dnost, pravilnost, a\u017eurnost podatkov in informacij, ki so objavljene na spleti\u0161\u010du in ne prevzema odgovornosti za dejanja, ki jih uporabnik opravi na podlagi objavljenih podatkov.<\/p>\n\n\n\n<p>Spleti\u0161\u010de lahko vsebuje povezave na razli\u010dne zunanje strani, kot so na primer druga internetna spleti\u0161\u010da, posamezne strani ali druge vire. Upravljavec ne odgovarja za dostopnost, vsebino ali napake zunanjih povezav.<\/p>\n\n\n\n<p><br>Pravice uporabnika kot potro\u0161nika pri uporabi pla\u010dljivih storitev<\/p>\n\n\n\n<p>\u010ce pride pri kori\u0161\u010denju pla\u010dljivih storitev ali blaga do sklenitve pogodbe, ki ustreza t.i. pogodbi, sklenjeni na daljavo, ima lahko uporabnik, \u010de so izpolnjeni pogoji po predpisih, ki urejajo varstvo potro\u0161nikov, pravico, da odstopi od pogodbe brez navedbe razloga. Uporabnik bo na to pravico izrecno opozorjen pred nakupom storitve ali blaga.<br>Sprememba splo\u0161nih pogojev<\/p>\n\n\n\n<p>Upravljavec spletne strani lahko splo\u0161ne pogoje kadar koli spremeni.<\/p>\n\n\n\n<p>Uporabnik bo o spremembi splo\u0161nih pogojev obve\u0161\u010den ob prvem vstopu na spletno stran po opravljeni spremembi, tako da se bo na vstopni strani odprlo podokno z opozorilom na spremembe.<br>Uporaba prava in sodna pristojnost<\/p>\n\n\n\n<p>Za presojo teh splo\u0161nih pogojev in za re\u0161evanje katerega koli spora med uporabniki ali med uporabnikom in upravljavcem spleti\u0161\u010da se uporablja izklju\u010dno slovensko materialno in procesno pravo.<\/p>\n\n\n\n<p>Za odlo\u010danje v sporu je pristojno sodi\u0161\u010de Republike Slovenije, ki se dolo\u010di po sede\u017eu upravljavca.<\/p>\n\n\n\n<p>Ti splo\u0161ni pogoji so veljavni od 28.4.2013 naprej.<br>B DENT d.o.o.<\/p>\n","protected":false},"excerpt":{"rendered":"<p>SPLO\u0160NI POGOJI UPORABE SPLETI\u0160\u010cAwww.b-dent.com Ti splo\u0161ni pogoji urejajo pogoje in pravila uporabe spleti\u0161\u010da www.b-dent.com in spletne trgovine, ki se nahajajo na omenjenem spleti\u0161\u010du ali njegovih podstraneh. Pravila za uporabo spleti\u0161\u010da ali posamezne storitve so lahko urejena z dodatnimi pravili. \u010ce tak\u0161na pravila obstojijo, so dostopna na spletni strani, uporabnik pa bo nanje opozorjen pred uporabo. [&hellip;]<\/p>\n","protected":false},"author":1,"featured_media":0,"parent":0,"menu_order":0,"comment_status":"closed","ping_status":"open","template":"","meta":{"spay_email":""},"yoast_head":"<!-- This site is optimized with the Yoast SEO plugin v14.8.1 - https:\/\/yoast.com\/wordpress\/plugins\/seo\/ -->\n<title>Pogoji poslovanja | Bdent trgovina<\/title>\n<meta name=\"robots\" content=\"index, follow\" \/>\n<meta name=\"googlebot\" content=\"index, follow, max-snippet:-1, max-image-preview:large, max-video-preview:-1\" \/>\n<meta name=\"bingbot\" content=\"index, follow, max-snippet:-1, max-image-preview:large, max-video-preview:-1\" \/>\n<link rel=\"canonical\" href=\"http:\/\/www.b-dent.com\/trgovina\/privacy-policy\/\" \/>\n<meta property=\"og:locale\" content=\"sl_SI\" \/>\n<meta property=\"og:type\" content=\"article\" \/>\n<meta property=\"og:title\" content=\"Pogoji poslovanja | Bdent trgovina\" \/>\n<meta property=\"og:description\" content=\"SPLO\u0160NI POGOJI UPORABE SPLETI\u0160\u010cAwww.b-dent.com Ti splo\u0161ni pogoji urejajo pogoje in pravila uporabe spleti\u0161\u010da www.b-dent.com in spletne trgovine, ki se nahajajo na omenjenem spleti\u0161\u010du ali njegovih podstraneh. Pravila za uporabo spleti\u0161\u010da ali posamezne storitve so lahko urejena z dodatnimi pravili. \u010ce tak\u0161na pravila obstojijo, so dostopna na spletni strani, uporabnik pa bo nanje opozorjen pred uporabo. [&hellip;]\" \/>\n<meta property=\"og:url\" content=\"http:\/\/www.b-dent.com\/trgovina\/privacy-policy\/\" \/>\n<meta property=\"og:site_name\" content=\"Bdent trgovina\" \/>\n<meta property=\"article:publisher\" content=\"https:\/\/www.facebook.com\/BdentZobozdravstveneStoritve\/\" \/>\n<meta property=\"article:modified_time\" content=\"2020-07-29T18:32:44+00:00\" \/>\n<meta name=\"twitter:card\" content=\"summary_large_image\" \/>\n<script type=\"application\/ld+json\" class=\"yoast-schema-graph\">{\"@context\":\"https:\/\/schema.org\",\"@graph\":[{\"@type\":\"Organization\",\"@id\":\"https:\/\/www.b-dent.com\/trgovina\/#organization\",\"name\":\"Bdent trgovina\",\"url\":\"https:\/\/www.b-dent.com\/trgovina\/\",\"sameAs\":[\"https:\/\/www.facebook.com\/BdentZobozdravstveneStoritve\/\"],\"logo\":{\"@type\":\"ImageObject\",\"@id\":\"https:\/\/www.b-dent.com\/trgovina\/#logo\",\"inLanguage\":\"sl-SI\",\"url\":\"https:\/\/www.b-dent.com\/trgovina\/wp-content\/uploads\/2020\/06\/download.png\",\"width\":250,\"height\":90,\"caption\":\"Bdent trgovina\"},\"image\":{\"@id\":\"https:\/\/www.b-dent.com\/trgovina\/#logo\"}},{\"@type\":\"WebSite\",\"@id\":\"https:\/\/www.b-dent.com\/trgovina\/#website\",\"url\":\"https:\/\/www.b-dent.com\/trgovina\/\",\"name\":\"Bdent trgovina\",\"description\":\"\",\"publisher\":{\"@id\":\"https:\/\/www.b-dent.com\/trgovina\/#organization\"},\"potentialAction\":[{\"@type\":\"SearchAction\",\"target\":\"https:\/\/www.b-dent.com\/trgovina\/?s={search_term_string}\",\"query-input\":\"required name=search_term_string\"}],\"inLanguage\":\"sl-SI\"},{\"@type\":\"WebPage\",\"@id\":\"http:\/\/www.b-dent.com\/trgovina\/privacy-policy\/#webpage\",\"url\":\"http:\/\/www.b-dent.com\/trgovina\/privacy-policy\/\",\"name\":\"Pogoji poslovanja | Bdent trgovina\",\"isPartOf\":{\"@id\":\"https:\/\/www.b-dent.com\/trgovina\/#website\"},\"datePublished\":\"2020-06-16T20:13:25+00:00\",\"dateModified\":\"2020-07-29T18:32:44+00:00\",\"inLanguage\":\"sl-SI\",\"potentialAction\":[{\"@type\":\"ReadAction\",\"target\":[\"http:\/\/www.b-dent.com\/trgovina\/privacy-policy\/\"]}]}]}<\/script>\n<!-- \/ Yoast SEO plugin. -->","_links":{"self":[{"href":"https:\/\/www.b-dent.com\/trgovina\/wp-json\/wp\/v2\/pages\/3"}],"collection":[{"href":"https:\/\/www.b-dent.com\/trgovina\/wp-json\/wp\/v2\/pages"}],"about":[{"href":"https:\/\/www.b-dent.com\/trgovina\/wp-json\/wp\/v2\/types\/page"}],"author":[{"embeddable":true,"href":"https:\/\/www.b-dent.com\/trgovina\/wp-json\/wp\/v2\/users\/1"}],"replies":[{"embeddable":true,"href":"https:\/\/www.b-dent.com\/trgovina\/wp-json\/wp\/v2\/comments?post=3"}],"version-history":[{"count":3,"href":"https:\/\/www.b-dent.com\/trgovina\/wp-json\/wp\/v2\/pages\/3\/revisions"}],"predecessor-version":[{"id":136,"href":"https:\/\/www.b-dent.com\/trgovina\/wp-json\/wp\/v2\/pages\/3\/revisions\/136"}],"wp:attachment":[{"href":"https:\/\/www.b-dent.com\/trgovina\/wp-json\/wp\/v2\/media?parent=3"}],"curies":[{"name":"wp","href":"https:\/\/api.w.org\/{rel}","templated":true}]}}