{"id":139,"date":"2020-08-29T17:13:26","date_gmt":"2020-08-29T17:13:26","guid":{"rendered":"http:\/\/www.b-dent.com\/trgovina\/?post_type=product&#038;p=139"},"modified":"2024-09-23T20:02:53","modified_gmt":"2024-09-23T20:02:53","slug":"hydrosonic-pro","status":"publish","type":"product","link":"https:\/\/www.b-dent.com\/trgovina\/product\/hydrosonic-pro\/","title":{"rendered":"CURAPROX Hydrosonic Pro"},"content":{"rendered":"<div id=\"collapse0\" class=\"in collapse show\" aria-expanded=\"true\" aria-labelledby=\"heading0\" data-parent=\"#accordion\">\n<div class=\"card-body\">\n<div id=\"product-description-short-224\">\n<p><strong>\u0160\u010detkajte si zobe kot profesionalec<\/strong><\/p>\n<\/div>\n<div class=\"product-description\">\n<p>SONI\u010cNA ZOBNA \u0160\u010cETKA HYDROSONIC PRO z do 42.000 gibi na minuto odstranjuje zobne obloge in zabarvanost, vendar je izjemno ne\u017ena do zob in dlesni. Ultrazvo\u010dna tehnologija \u010disti na dveh ravneh: mehansko in hidrodinami\u010dno.<\/p>\n<ul>\n<li>poliestrska vlakna CUREN<sup>\u00ae<\/sup>: izjemno mehka in u\u010dinkovita<\/li>\n<li>nagib nastavkov CURACURVE<sup>\u00ae<\/sup>: la\u017eji dostop do te\u017eje dosegljivih mest v ustih (ko\u010dniki, zadnje strani sekalcev)<\/li>\n<li>dva nastavka kaplji\u010dne oblike z razli\u010dno dolgimi vlakni, za optimalno mehani\u010dno in hidrodinami\u010dno \u010di\u0161\u010denje<\/li>\n<li>nastavek single z enim snopom vlaken za enostavno in temeljito \u010di\u0161\u010denje ob nosilcih in \u017ei\u010dkah zobnega aparata, ob robu dlesni ter\u00a0za proteti\u010dno nadgrajene zobne vsadke<\/li>\n<li>sedem na\u010dinov \u010di\u0161\u010denja v treh stopnjah (22.000, 32.000 in 42.000 gibov na minuto)<\/li>\n<li>hidrodinami\u010dni u\u010dinek, ki o\u010disti tudi tam, kjer ni neposrednega stika vlaken s povr\u0161ino zoba<\/li>\n<li>zmogljiva baterija: do dva tedna \u0161\u010detkanja zob po \u0161tiri minute na dan<\/li>\n<li>tiho delovanje<\/li>\n<li>potovalna torbica in prakti\u010den polnilnik USB<\/li>\n<li>garancija 2 leti<\/li>\n<li>razvil strokovnjak za ustno zdravje, prof. Ulrich P. Saxer<\/li>\n<li>proizvedeno v \u0160vici<\/li>\n<\/ul>\n<p>Dodatne prednosti:<\/p>\n<ul>\n<li>Idealno za \u010di\u0161\u010denje okrog fiksnih ortodontskih aparatov, zobnih vsadkov, mosti\u010dkov in kron<\/li>\n<li>Zdru\u017eljivo z vsemi nastavki za elektri\u010dne zobne \u0161\u010detke CURAPROX<\/li>\n<\/ul>\n<p>Kak\u0161en je hidrodinami\u010dni u\u010dinek? Izredno hitro premikanje vlaken ustvarja turbulenco v me\u0161anici sline, vode in zobne paste. Ta turbulenca odstrani \u0161tevilne bakterije biofilma iz predelov, do katerih vlakna ne se\u017eejo.<\/p>\n<\/div>\n<\/div>\n<\/div>\n","protected":false},"excerpt":{"rendered":"<p>Soni\u010dna zobna \u0161\u010detka Hydrosonic Pro z izjemno mehkimi vlakni. Tiho delovanje. Izredno zmogljiva baterija. Z novim nastavkom z enim snopom \u0161\u010detin. \u010ci\u0161\u010denje vsakega zoba posebej ali te\u017eje dostopnih mest nikoli ni bilo la\u017eje.<\/p>\n<p>Za vse, ki si \u017eelite udobno in enostavno ohraniti zdrave zobe, za otroke stare 5 let in ve\u010d, za gibalno ovirane, za starej\u0161e s slab\u0161imi motori\u010dnimi sposobnostmi.<\/p>\n","protected":false},"featured_media":140,"comment_status":"closed","ping_status":"closed","template":"","meta":{"spay_email":""},"yoast_head":"<!-- This site is optimized with the Yoast SEO plugin v14.8.1 - https:\/\/yoast.com\/wordpress\/plugins\/seo\/ -->\n<title>CURAPROX Hydrosonic Pro | Bdent trgovina<\/title>\n<meta name=\"robots\" content=\"index, follow\" \/>\n<meta name=\"googlebot\" content=\"index, follow, max-snippet:-1, max-image-preview:large, max-video-preview:-1\" \/>\n<meta name=\"bingbot\" content=\"index, follow, max-snippet:-1, max-image-preview:large, max-video-preview:-1\" \/>\n<link rel=\"canonical\" href=\"http:\/\/www.b-dent.com\/trgovina\/product\/hydrosonic-pro\/\" \/>\n<meta property=\"og:locale\" content=\"sl_SI\" \/>\n<meta property=\"og:type\" content=\"article\" \/>\n<meta property=\"og:title\" content=\"CURAPROX Hydrosonic Pro | Bdent trgovina\" \/>\n<meta property=\"og:description\" content=\"Soni\u010dna zobna \u0161\u010detka Hydrosonic Pro z izjemno mehkimi vlakni. Tiho delovanje. Izredno zmogljiva baterija. Z novim nastavkom z enim snopom \u0161\u010detin. \u010ci\u0161\u010denje vsakega zoba posebej ali te\u017eje dostopnih mest nikoli ni bilo la\u017eje.  Za vse, ki si \u017eelite udobno in enostavno ohraniti zdrave zobe, za otroke stare 5 let in ve\u010d, za gibalno ovirane, za starej\u0161e s slab\u0161imi motori\u010dnimi sposobnostmi.\" \/>\n<meta property=\"og:url\" content=\"http:\/\/www.b-dent.com\/trgovina\/product\/hydrosonic-pro\/\" \/>\n<meta property=\"og:site_name\" content=\"Bdent trgovina\" \/>\n<meta property=\"article:publisher\" content=\"https:\/\/www.facebook.com\/BdentZobozdravstveneStoritve\/\" \/>\n<meta property=\"article:modified_time\" content=\"2024-09-23T20:02:53+00:00\" \/>\n<meta property=\"og:image\" content=\"https:\/\/www.b-dent.com\/trgovina\/wp-content\/uploads\/2020\/08\/hydrosonic-pro7.jpg\" \/>\n\t<meta property=\"og:image:width\" content=\"540\" \/>\n\t<meta property=\"og:image:height\" content=\"675\" \/>\n<meta name=\"twitter:card\" content=\"summary_large_image\" \/>\n<script type=\"application\/ld+json\" class=\"yoast-schema-graph\">{\"@context\":\"https:\/\/schema.org\",\"@graph\":[{\"@type\":\"Organization\",\"@id\":\"https:\/\/www.b-dent.com\/trgovina\/#organization\",\"name\":\"Bdent trgovina\",\"url\":\"https:\/\/www.b-dent.com\/trgovina\/\",\"sameAs\":[\"https:\/\/www.facebook.com\/BdentZobozdravstveneStoritve\/\"],\"logo\":{\"@type\":\"ImageObject\",\"@id\":\"https:\/\/www.b-dent.com\/trgovina\/#logo\",\"inLanguage\":\"sl-SI\",\"url\":\"https:\/\/www.b-dent.com\/trgovina\/wp-content\/uploads\/2020\/06\/download.png\",\"width\":250,\"height\":90,\"caption\":\"Bdent trgovina\"},\"image\":{\"@id\":\"https:\/\/www.b-dent.com\/trgovina\/#logo\"}},{\"@type\":\"WebSite\",\"@id\":\"https:\/\/www.b-dent.com\/trgovina\/#website\",\"url\":\"https:\/\/www.b-dent.com\/trgovina\/\",\"name\":\"Bdent trgovina\",\"description\":\"\",\"publisher\":{\"@id\":\"https:\/\/www.b-dent.com\/trgovina\/#organization\"},\"potentialAction\":[{\"@type\":\"SearchAction\",\"target\":\"https:\/\/www.b-dent.com\/trgovina\/?s={search_term_string}\",\"query-input\":\"required name=search_term_string\"}],\"inLanguage\":\"sl-SI\"},{\"@type\":\"ImageObject\",\"@id\":\"http:\/\/www.b-dent.com\/trgovina\/product\/hydrosonic-pro\/#primaryimage\",\"inLanguage\":\"sl-SI\",\"url\":\"https:\/\/www.b-dent.com\/trgovina\/wp-content\/uploads\/2020\/08\/hydrosonic-pro.jpg\",\"width\":540,\"height\":675,\"caption\":\"CURAPROX hydrosonic-pro\"},{\"@type\":\"WebPage\",\"@id\":\"http:\/\/www.b-dent.com\/trgovina\/product\/hydrosonic-pro\/#webpage\",\"url\":\"http:\/\/www.b-dent.com\/trgovina\/product\/hydrosonic-pro\/\",\"name\":\"CURAPROX Hydrosonic Pro | Bdent trgovina\",\"isPartOf\":{\"@id\":\"https:\/\/www.b-dent.com\/trgovina\/#website\"},\"primaryImageOfPage\":{\"@id\":\"http:\/\/www.b-dent.com\/trgovina\/product\/hydrosonic-pro\/#primaryimage\"},\"datePublished\":\"2020-08-29T17:13:26+00:00\",\"dateModified\":\"2024-09-23T20:02:53+00:00\",\"inLanguage\":\"sl-SI\",\"potentialAction\":[{\"@type\":\"ReadAction\",\"target\":[\"http:\/\/www.b-dent.com\/trgovina\/product\/hydrosonic-pro\/\"]}]}]}<\/script>\n<!-- \/ Yoast SEO plugin. -->","_links":{"self":[{"href":"https:\/\/www.b-dent.com\/trgovina\/wp-json\/wp\/v2\/product\/139"}],"collection":[{"href":"https:\/\/www.b-dent.com\/trgovina\/wp-json\/wp\/v2\/product"}],"about":[{"href":"https:\/\/www.b-dent.com\/trgovina\/wp-json\/wp\/v2\/types\/product"}],"replies":[{"embeddable":true,"href":"https:\/\/www.b-dent.com\/trgovina\/wp-json\/wp\/v2\/comments?post=139"}],"wp:featuredmedia":[{"embeddable":true,"href":"https:\/\/www.b-dent.com\/trgovina\/wp-json\/wp\/v2\/media\/140"}],"wp:attachment":[{"href":"https:\/\/www.b-dent.com\/trgovina\/wp-json\/wp\/v2\/media?parent=139"}],"curies":[{"name":"wp","href":"https:\/\/api.w.org\/{rel}","templated":true}]}}