{"id":170,"date":"2020-08-30T15:04:36","date_gmt":"2020-08-30T15:04:36","guid":{"rendered":"http:\/\/www.b-dent.com\/trgovina\/?post_type=product&#038;p=170"},"modified":"2024-03-23T14:49:55","modified_gmt":"2024-03-23T14:49:55","slug":"curaprox-hydrosonic-easy","status":"publish","type":"product","link":"https:\/\/www.b-dent.com\/trgovina\/product\/curaprox-hydrosonic-easy\/","title":{"rendered":"CURAPROX Hydrosonic Easy"},"content":{"rendered":"<div id=\"collapse0\" class=\"in collapse show\" aria-expanded=\"true\" aria-labelledby=\"heading0\" data-parent=\"#accordion\">\n<div class=\"card-body\">\n<div id=\"product-description-short-250\"><\/div>\n<div class=\"product-description\">\n<p>&nbsp;<\/p>\n<p>\u010cista zmogljivost: Hydrosonic Easy izbolj\u0161a va\u0161e ustno zdravje z najnaprednej\u0161o tehnologijo in popolno temeljitostjo. Ta soni\u010dna zobna \u0161\u010detka s hidrodinami\u010dnim u\u010dinkom \u010disti z do 42.000 gibi vlaken na minuto \u2013 preprosto, u\u010dinkovito in zanesljivo:<\/p>\n<ul>\n<li>Upravljanje z enim gumbom, preprosto in po ob\u010dutku<\/li>\n<li>Trije na\u010dini: \u00bbstart\u00ab, \u00bbclean\u00ab in \u00bbsmile\u00ab, 22.000, 32.000 in 42.000 gibov na minuto<\/li>\n<li>Zmogljiva baterija, ki zdr\u017ei pribli\u017eno dva tedna, \u010de zobe \u0161\u010detkate \u0161tiri minute na dan<\/li>\n<li>Zahvaljujo\u010d hidrodinami\u010dnemu u\u010dinku delno o\u010disti tudi medzobne prostore<\/li>\n<li>Enako zmogljiva pri skoraj prazni in povsem polni bateriji<\/li>\n<li>Polnilnik z USB kablom in potovalno torbico<\/li>\n<li>Garancija 2 leti<\/li>\n<\/ul>\n<p>Zdru\u017eljivo z vsemi nastavki za elektri\u010dne zobne \u0161\u010detke Curaprox, ki so prilo\u017eeni:<\/p>\n<ul>\n<li>Nastavek CHS 200 sensitive \u2013 idealen za novince pri uporabo soni\u010dnih zobnih \u0161\u010detk, posebej mehek in ne\u017een, vendar zelo u\u010dinkovit pri \u010di\u0161\u010denju.<\/li>\n<li>Nastavek CHS 300 power \u2013 zagotavlja naju\u010dinkovitej\u0161e \u010di\u0161\u010denje za izku\u0161ene uporabnike soni\u010dnih zobnih \u0161\u010detk.<\/li>\n<\/ul>\n<p>Nastavek za temeljito \u010di\u0161\u010denje \u010disti do popolnosti, vendar je \u0161e vedno izjemno mehek in ne\u017een. Nastavki Curaprox so namesto iz najlonskih \u0161\u010detin izdelani iz vlaken CUREN<sup>\u00ae<\/sup>, ki zagotavljajo dosledno delovanje in so \u0161e posebej ne\u017ene.<\/p>\n<p>\u0160\u010detka Hydrosonic Easy je uporabna tudi za fiksne ortodontske aparate, implantate in proteze.<\/p>\n<\/div>\n<\/div>\n<\/div>\n","protected":false},"excerpt":{"rendered":"<div id=\"product-description-short-250\">\n<p><strong>Ustno zdravje. Preprosto. U\u010dinkovito. Zanesljiva.<\/strong><\/p>\n<\/div>\n<div class=\"product-description\">\n<p>\u0160\u010detkanje zob na preprost na\u010din. Soni\u010dna zobna \u0161\u010detka Hydrosonic Easy izbolj\u0161uje in ohranja va\u0161e ustno zdravje. Veseli zobje. Vesele dlesni. Brez kompliciranja.<\/p>\n<\/div>\n","protected":false},"featured_media":171,"comment_status":"open","ping_status":"closed","template":"","meta":{"spay_email":""},"yoast_head":"<!-- This site is optimized with the Yoast SEO plugin v14.8.1 - https:\/\/yoast.com\/wordpress\/plugins\/seo\/ -->\n<title>CURAPROX Hydrosonic Easy | Bdent trgovina<\/title>\n<meta name=\"robots\" content=\"index, follow\" \/>\n<meta name=\"googlebot\" content=\"index, follow, max-snippet:-1, max-image-preview:large, max-video-preview:-1\" \/>\n<meta name=\"bingbot\" content=\"index, follow, max-snippet:-1, max-image-preview:large, max-video-preview:-1\" \/>\n<link rel=\"canonical\" href=\"http:\/\/www.b-dent.com\/trgovina\/product\/curaprox-hydrosonic-easy\/\" \/>\n<meta property=\"og:locale\" content=\"sl_SI\" \/>\n<meta property=\"og:type\" content=\"article\" \/>\n<meta property=\"og:title\" content=\"CURAPROX Hydrosonic Easy | Bdent trgovina\" \/>\n<meta property=\"og:description\" content=\"Ustno zdravje. Preprosto. U\u010dinkovito. Zanesljiva.     \u0160\u010detkanje zob na preprost na\u010din. Soni\u010dna zobna \u0161\u010detka Hydrosonic Easy izbolj\u0161uje in ohranja va\u0161e ustno zdravje. Veseli zobje. Vesele dlesni. Brez kompliciranja.\" \/>\n<meta property=\"og:url\" content=\"http:\/\/www.b-dent.com\/trgovina\/product\/curaprox-hydrosonic-easy\/\" \/>\n<meta property=\"og:site_name\" content=\"Bdent trgovina\" \/>\n<meta property=\"article:publisher\" content=\"https:\/\/www.facebook.com\/BdentZobozdravstveneStoritve\/\" \/>\n<meta property=\"article:modified_time\" content=\"2024-03-23T14:49:55+00:00\" \/>\n<meta property=\"og:image\" content=\"https:\/\/www.b-dent.com\/trgovina\/wp-content\/uploads\/2020\/08\/hydrosonic-easy1.jpg\" \/>\n\t<meta property=\"og:image:width\" content=\"540\" \/>\n\t<meta property=\"og:image:height\" content=\"675\" \/>\n<meta name=\"twitter:card\" content=\"summary_large_image\" \/>\n<script type=\"application\/ld+json\" class=\"yoast-schema-graph\">{\"@context\":\"https:\/\/schema.org\",\"@graph\":[{\"@type\":\"Organization\",\"@id\":\"https:\/\/www.b-dent.com\/trgovina\/#organization\",\"name\":\"Bdent trgovina\",\"url\":\"https:\/\/www.b-dent.com\/trgovina\/\",\"sameAs\":[\"https:\/\/www.facebook.com\/BdentZobozdravstveneStoritve\/\"],\"logo\":{\"@type\":\"ImageObject\",\"@id\":\"https:\/\/www.b-dent.com\/trgovina\/#logo\",\"inLanguage\":\"sl-SI\",\"url\":\"https:\/\/www.b-dent.com\/trgovina\/wp-content\/uploads\/2020\/06\/download.png\",\"width\":250,\"height\":90,\"caption\":\"Bdent trgovina\"},\"image\":{\"@id\":\"https:\/\/www.b-dent.com\/trgovina\/#logo\"}},{\"@type\":\"WebSite\",\"@id\":\"https:\/\/www.b-dent.com\/trgovina\/#website\",\"url\":\"https:\/\/www.b-dent.com\/trgovina\/\",\"name\":\"Bdent trgovina\",\"description\":\"\",\"publisher\":{\"@id\":\"https:\/\/www.b-dent.com\/trgovina\/#organization\"},\"potentialAction\":[{\"@type\":\"SearchAction\",\"target\":\"https:\/\/www.b-dent.com\/trgovina\/?s={search_term_string}\",\"query-input\":\"required name=search_term_string\"}],\"inLanguage\":\"sl-SI\"},{\"@type\":\"ImageObject\",\"@id\":\"http:\/\/www.b-dent.com\/trgovina\/product\/curaprox-hydrosonic-easy\/#primaryimage\",\"inLanguage\":\"sl-SI\",\"url\":\"https:\/\/www.b-dent.com\/trgovina\/wp-content\/uploads\/2020\/08\/hydrosonic-easy1.jpg\",\"width\":540,\"height\":675,\"caption\":\"hydrosonic-easy\"},{\"@type\":\"WebPage\",\"@id\":\"http:\/\/www.b-dent.com\/trgovina\/product\/curaprox-hydrosonic-easy\/#webpage\",\"url\":\"http:\/\/www.b-dent.com\/trgovina\/product\/curaprox-hydrosonic-easy\/\",\"name\":\"CURAPROX Hydrosonic Easy | Bdent trgovina\",\"isPartOf\":{\"@id\":\"https:\/\/www.b-dent.com\/trgovina\/#website\"},\"primaryImageOfPage\":{\"@id\":\"http:\/\/www.b-dent.com\/trgovina\/product\/curaprox-hydrosonic-easy\/#primaryimage\"},\"datePublished\":\"2020-08-30T15:04:36+00:00\",\"dateModified\":\"2024-03-23T14:49:55+00:00\",\"inLanguage\":\"sl-SI\",\"potentialAction\":[{\"@type\":\"ReadAction\",\"target\":[\"http:\/\/www.b-dent.com\/trgovina\/product\/curaprox-hydrosonic-easy\/\"]}]}]}<\/script>\n<!-- \/ Yoast SEO plugin. -->","_links":{"self":[{"href":"https:\/\/www.b-dent.com\/trgovina\/wp-json\/wp\/v2\/product\/170"}],"collection":[{"href":"https:\/\/www.b-dent.com\/trgovina\/wp-json\/wp\/v2\/product"}],"about":[{"href":"https:\/\/www.b-dent.com\/trgovina\/wp-json\/wp\/v2\/types\/product"}],"replies":[{"embeddable":true,"href":"https:\/\/www.b-dent.com\/trgovina\/wp-json\/wp\/v2\/comments?post=170"}],"wp:featuredmedia":[{"embeddable":true,"href":"https:\/\/www.b-dent.com\/trgovina\/wp-json\/wp\/v2\/media\/171"}],"wp:attachment":[{"href":"https:\/\/www.b-dent.com\/trgovina\/wp-json\/wp\/v2\/media?parent=170"}],"curies":[{"name":"wp","href":"https:\/\/api.w.org\/{rel}","templated":true}]}}