{"id":203,"date":"2020-09-20T18:39:51","date_gmt":"2020-09-20T18:39:51","guid":{"rendered":"http:\/\/www.b-dent.com\/trgovina\/?post_type=product&#038;p=203"},"modified":"2024-09-14T23:10:04","modified_gmt":"2024-09-14T23:10:04","slug":"black-is-white-set-90-ml","status":"publish","type":"product","link":"https:\/\/www.b-dent.com\/trgovina\/product\/black-is-white-set-90-ml\/","title":{"rendered":"Black is White set, 90 ml"},"content":{"rendered":"<div id=\"collapse0\" class=\"in collapse show\" aria-expanded=\"true\" aria-labelledby=\"heading0\" data-parent=\"#accordion\">\n<div class=\"card-body\">\n<div id=\"product-description-short-142\">Belilna zobna pasta Black Is White z osve\u017eilnim okusom limete odstrani zabarvanje z aktivnim ogljikom, brez abrazivnih ali belilnih sredstev. Vsebuje fluorid. Krepi zdravje ust: encimi \u0161\u010ditijo pred zobno gnilobo in podpirajo delovanje sline. Hidroksilapatita (nano) remineralizira zobno sklenino in zatesni izpostavljene dentinske kanale. Plus: U\u010dinkovina Prestige Sparkling Blue<sup>\u00ae<\/sup> na zobeh naredi prosojen filter, ki zmanj\u0161a rumeno zabarvanje. To naredi zobe bolj bele brez uporabe kemi\u010dnih snovi.<\/div>\n<div class=\"product-description\">\n<p>Brez natrijevega lavrilsulfata (SLS). Brez triklosana. Brez belilnih sredstev. Brez plasti\u010dnih delcev.<\/p>\n<p>Lahko se uporablja kot obi\u010dajna zobna pasta brez omejitev.<br \/>\nProizvedeno v \u0160vici.<\/p>\n<p>Setu je prilo\u017eena zobna \u0161\u010detka CURAPROX Black is White s 5100 izredno finih vlaken CUREN<sup>\u00ae<\/sup>, ki dose\u017eejo tudi te\u017eje dostopna mesta v ustih. Z majhno kompaktno glavo in osemkotnim dr\u017ealom za la\u017eji oprijem je u\u010dinkovita pri odstranjevanju zobnih oblog, tudi na robu med zobom in dlesnijo.<\/p>\n<\/div>\n<\/div>\n<\/div>\n","protected":false},"excerpt":{"rendered":"<div id=\"product-description-short-142\">\n<p><strong>Adijo zabarvanost. Pozdravljeni beli zobje.\u00a0<\/strong><\/p>\n<\/div>\n<div class=\"product-description\">\n<p>Zobna pasta z aktivnim ogljikom. \u010crna kot no\u010d. Vendar z ne\u017enim belilnim u\u010dinkom. Aktivni ogljik preprosto vpije neprivla\u010dne, zabarvane made\u017ee.<\/p>\n<\/div>\n","protected":false},"featured_media":205,"comment_status":"open","ping_status":"closed","template":"","meta":{"spay_email":""},"yoast_head":"<!-- This site is optimized with the Yoast SEO plugin v14.8.1 - https:\/\/yoast.com\/wordpress\/plugins\/seo\/ -->\n<title>Black is White set, 90 ml | Bdent trgovina<\/title>\n<meta name=\"robots\" content=\"index, follow\" \/>\n<meta name=\"googlebot\" content=\"index, follow, max-snippet:-1, max-image-preview:large, max-video-preview:-1\" \/>\n<meta name=\"bingbot\" content=\"index, follow, max-snippet:-1, max-image-preview:large, max-video-preview:-1\" \/>\n<link rel=\"canonical\" href=\"http:\/\/www.b-dent.com\/trgovina\/product\/black-is-white-set-90-ml\/\" \/>\n<meta property=\"og:locale\" content=\"sl_SI\" \/>\n<meta property=\"og:type\" content=\"article\" \/>\n<meta property=\"og:title\" content=\"Black is White set, 90 ml | Bdent trgovina\" \/>\n<meta property=\"og:description\" content=\"Adijo zabarvanost. Pozdravljeni beli zobje.\u00a0     Zobna pasta z aktivnim ogljikom. \u010crna kot no\u010d. Vendar z ne\u017enim belilnim u\u010dinkom. Aktivni ogljik preprosto vpije neprivla\u010dne, zabarvane made\u017ee.\" \/>\n<meta property=\"og:url\" content=\"http:\/\/www.b-dent.com\/trgovina\/product\/black-is-white-set-90-ml\/\" \/>\n<meta property=\"og:site_name\" content=\"Bdent trgovina\" \/>\n<meta property=\"article:publisher\" content=\"https:\/\/www.facebook.com\/BdentZobozdravstveneStoritve\/\" \/>\n<meta property=\"article:modified_time\" content=\"2024-09-14T23:10:04+00:00\" \/>\n<meta property=\"og:image\" content=\"https:\/\/www.b-dent.com\/trgovina\/wp-content\/uploads\/2020\/09\/black-is-white-set-90-ml1.jpg\" \/>\n\t<meta property=\"og:image:width\" content=\"540\" \/>\n\t<meta property=\"og:image:height\" content=\"675\" \/>\n<meta name=\"twitter:card\" content=\"summary_large_image\" \/>\n<script type=\"application\/ld+json\" class=\"yoast-schema-graph\">{\"@context\":\"https:\/\/schema.org\",\"@graph\":[{\"@type\":\"Organization\",\"@id\":\"https:\/\/www.b-dent.com\/trgovina\/#organization\",\"name\":\"Bdent trgovina\",\"url\":\"https:\/\/www.b-dent.com\/trgovina\/\",\"sameAs\":[\"https:\/\/www.facebook.com\/BdentZobozdravstveneStoritve\/\"],\"logo\":{\"@type\":\"ImageObject\",\"@id\":\"https:\/\/www.b-dent.com\/trgovina\/#logo\",\"inLanguage\":\"sl-SI\",\"url\":\"https:\/\/www.b-dent.com\/trgovina\/wp-content\/uploads\/2020\/06\/download.png\",\"width\":250,\"height\":90,\"caption\":\"Bdent trgovina\"},\"image\":{\"@id\":\"https:\/\/www.b-dent.com\/trgovina\/#logo\"}},{\"@type\":\"WebSite\",\"@id\":\"https:\/\/www.b-dent.com\/trgovina\/#website\",\"url\":\"https:\/\/www.b-dent.com\/trgovina\/\",\"name\":\"Bdent trgovina\",\"description\":\"\",\"publisher\":{\"@id\":\"https:\/\/www.b-dent.com\/trgovina\/#organization\"},\"potentialAction\":[{\"@type\":\"SearchAction\",\"target\":\"https:\/\/www.b-dent.com\/trgovina\/?s={search_term_string}\",\"query-input\":\"required name=search_term_string\"}],\"inLanguage\":\"sl-SI\"},{\"@type\":\"ImageObject\",\"@id\":\"http:\/\/www.b-dent.com\/trgovina\/product\/black-is-white-set-90-ml\/#primaryimage\",\"inLanguage\":\"sl-SI\",\"url\":\"https:\/\/www.b-dent.com\/trgovina\/wp-content\/uploads\/2020\/09\/black-is-white-set-90-ml1.jpg\",\"width\":540,\"height\":675},{\"@type\":\"WebPage\",\"@id\":\"http:\/\/www.b-dent.com\/trgovina\/product\/black-is-white-set-90-ml\/#webpage\",\"url\":\"http:\/\/www.b-dent.com\/trgovina\/product\/black-is-white-set-90-ml\/\",\"name\":\"Black is White set, 90 ml | Bdent trgovina\",\"isPartOf\":{\"@id\":\"https:\/\/www.b-dent.com\/trgovina\/#website\"},\"primaryImageOfPage\":{\"@id\":\"http:\/\/www.b-dent.com\/trgovina\/product\/black-is-white-set-90-ml\/#primaryimage\"},\"datePublished\":\"2020-09-20T18:39:51+00:00\",\"dateModified\":\"2024-09-14T23:10:04+00:00\",\"inLanguage\":\"sl-SI\",\"potentialAction\":[{\"@type\":\"ReadAction\",\"target\":[\"http:\/\/www.b-dent.com\/trgovina\/product\/black-is-white-set-90-ml\/\"]}]}]}<\/script>\n<!-- \/ Yoast SEO plugin. -->","_links":{"self":[{"href":"https:\/\/www.b-dent.com\/trgovina\/wp-json\/wp\/v2\/product\/203"}],"collection":[{"href":"https:\/\/www.b-dent.com\/trgovina\/wp-json\/wp\/v2\/product"}],"about":[{"href":"https:\/\/www.b-dent.com\/trgovina\/wp-json\/wp\/v2\/types\/product"}],"replies":[{"embeddable":true,"href":"https:\/\/www.b-dent.com\/trgovina\/wp-json\/wp\/v2\/comments?post=203"}],"wp:featuredmedia":[{"embeddable":true,"href":"https:\/\/www.b-dent.com\/trgovina\/wp-json\/wp\/v2\/media\/205"}],"wp:attachment":[{"href":"https:\/\/www.b-dent.com\/trgovina\/wp-json\/wp\/v2\/media?parent=203"}],"curies":[{"name":"wp","href":"https:\/\/api.w.org\/{rel}","templated":true}]}}