{"id":215,"date":"2020-09-27T16:34:11","date_gmt":"2020-09-27T16:34:11","guid":{"rendered":"http:\/\/www.b-dent.com\/trgovina\/?post_type=product&#038;p=215"},"modified":"2024-07-02T14:05:21","modified_gmt":"2024-07-02T14:05:21","slug":"darilna-skatla-za-decke","status":"publish","type":"product","link":"https:\/\/www.b-dent.com\/trgovina\/product\/darilna-skatla-za-decke\/","title":{"rendered":"Darilna \u0161katla za de\u010dke"},"content":{"rendered":"<div id=\"collapse0\" class=\"in collapse show\" aria-expanded=\"true\" aria-labelledby=\"heading0\" data-parent=\"#accordion\">\n<div class=\"card-body\">\n<div id=\"product-description-short-212\"><\/div>\n<div class=\"product-description\">\n<p>&nbsp;<\/p>\n<p><strong>Curaprox Baby duda<\/strong>, ki jo je razvil dr. Herbert Pick, spodbuja razvoj dlesni in \u010deljusti. To pomeni: skoraj brez nepravilnega razvoja zob ali \u010deljusti, dihanje skozi nos in ne skozi usta, optimalna preskrba s kisikom, naravna in neovirana rast. Stranski krilci usmerjata sesalni pritisk\u00a0proti \u010deljusti, ne ne proti nebu, zato ima zobni lok primerno zaobljeno obliko. To vodi do lepo ukrivljenih zobnih lokov.<\/p>\n<p>Zahvaljujo\u010d <strong>zobni \u0161\u010detki<\/strong>, ki jo je razvil profesor dr. Adrian Lussi, bodo dojen\u010dki kon\u010dno u\u017eivali v umivanju zob: vlakna Curen<sup>\u00ae<\/sup> so tako mehka, da je \u0161\u010detkanje bolj podobno \u017ege\u010dkanju. Zobna \u0161\u010detka je gumirana, tako da je nemogo\u010de po\u0161kodovati ob\u010dutljivo ustno sluznico.<\/p>\n<ul>\n<li>Vsi izdelki so bili razviti v sodelovanju s strokovnjaki za otro\u0161ko zobozdravstvo.<\/li>\n<li>Duda pomirja dojen\u010dke, prepre\u010duje nepravilno izra\u0161\u010danje zob, podpira razvoj \u010deljusti in dlesni ter spodbuja optimalno dihanje.<\/li>\n<li>Obro\u010dek za grizenje pomaga pri izra\u0161\u010danju zob, pospe\u0161uje senzori\u010dni in motori\u010dni razvoj ter poskrbi za zabavno \u0161\u010detkanje.<\/li>\n<li>Zobna \u0161\u010detka: izredno fina vlakna Curen<sup>\u00ae<\/sup> \u017ege\u010dkajo zobe in jih izjemno u\u010dinkovito o\u010distijo, gumirana glava \u0161\u010detke pa \u0161\u010diti ustno sluznico.<\/li>\n<\/ul>\n<p>Izdelki ne vsebujejo \u0161kodljivih snovi, kot so bisfenol A (BPA), ftalati in AZO-barvila, zato so povsem varni za uporabo.<\/p>\n<p>\u0160katla je na voljo v dveh razli\u010dicah: vsi izdelki v \u0161katli \u00bbIt\u2019s a girl\u00ab so roza barve, vsi izdelki v \u0161katli \u00bbIt\u2019s a boy\u00ab pa modre.<\/p>\n<\/div>\n<\/div>\n<\/div>\n","protected":false},"excerpt":{"rendered":"<div id=\"product-description-short-212\">\n<p><strong>Nasmejan dojen\u010dek &#8211; najve\u010dje darilo<\/strong><\/p>\n<\/div>\n<div class=\"product-description\">\n<p>Zabaven na\u010din, kako dojen\u010dkom pomagati pri la\u017ejem prehodu na redno \u0161\u010detkanje pri katerem bodo u\u017eivali &#8230; duda, obro\u010dek za grizenje, otro\u0161ka zobna \u0161\u010detka. Biofunkcionalno in brez toksinov.<\/p>\n<p>Izra\u0161\u010danje zob? Ni razloga za skrb. Otroku preprosto dajte <strong>Curaprox Baby obro\u010dek za grizenje<\/strong>, ki ga je razvila otro\u0161ka zobozdravnica dr. Nadja Kellerhoff, in vse bo v redu. Pripomo\u010dki iz te darilne \u0161katle za dojen\u010dke in mal\u010dke zagotavljajo izjemno ustno zdravje \u017ee od samega za\u010detka.<\/p>\n<\/div>\n","protected":false},"featured_media":216,"comment_status":"open","ping_status":"closed","template":"","meta":{"spay_email":""},"yoast_head":"<!-- This site is optimized with the Yoast SEO plugin v14.8.1 - https:\/\/yoast.com\/wordpress\/plugins\/seo\/ -->\n<title>Darilna \u0161katla za de\u010dke | Bdent trgovina<\/title>\n<meta name=\"robots\" content=\"index, follow\" \/>\n<meta name=\"googlebot\" content=\"index, follow, max-snippet:-1, max-image-preview:large, max-video-preview:-1\" \/>\n<meta name=\"bingbot\" content=\"index, follow, max-snippet:-1, max-image-preview:large, max-video-preview:-1\" \/>\n<link rel=\"canonical\" href=\"http:\/\/www.b-dent.com\/trgovina\/product\/darilna-skatla-za-decke\/\" \/>\n<meta property=\"og:locale\" content=\"sl_SI\" \/>\n<meta property=\"og:type\" content=\"article\" \/>\n<meta property=\"og:title\" content=\"Darilna \u0161katla za de\u010dke | Bdent trgovina\" \/>\n<meta property=\"og:description\" content=\"Nasmejan dojen\u010dek - najve\u010dje darilo     Zabaven na\u010din, kako dojen\u010dkom pomagati pri la\u017ejem prehodu na redno \u0161\u010detkanje pri katerem bodo u\u017eivali ... duda, obro\u010dek za grizenje, otro\u0161ka zobna \u0161\u010detka. Biofunkcionalno in brez toksinov.  Izra\u0161\u010danje zob? Ni razloga za skrb. Otroku preprosto dajte Curaprox Baby obro\u010dek za grizenje, ki ga je razvila otro\u0161ka zobozdravnica dr. Nadja Kellerhoff, in vse bo v redu. Pripomo\u010dki iz te darilne \u0161katle za dojen\u010dke in mal\u010dke zagotavljajo izjemno ustno zdravje \u017ee od samega za\u010detka.\" \/>\n<meta property=\"og:url\" content=\"http:\/\/www.b-dent.com\/trgovina\/product\/darilna-skatla-za-decke\/\" \/>\n<meta property=\"og:site_name\" content=\"Bdent trgovina\" \/>\n<meta property=\"article:publisher\" content=\"https:\/\/www.facebook.com\/BdentZobozdravstveneStoritve\/\" \/>\n<meta property=\"article:modified_time\" content=\"2024-07-02T14:05:21+00:00\" \/>\n<meta property=\"og:image\" content=\"https:\/\/www.b-dent.com\/trgovina\/wp-content\/uploads\/2020\/09\/fbSlika.png\" \/>\n\t<meta property=\"og:image:width\" content=\"640\" \/>\n\t<meta property=\"og:image:height\" content=\"400\" \/>\n<meta name=\"twitter:card\" content=\"summary_large_image\" \/>\n<script type=\"application\/ld+json\" class=\"yoast-schema-graph\">{\"@context\":\"https:\/\/schema.org\",\"@graph\":[{\"@type\":\"Organization\",\"@id\":\"https:\/\/www.b-dent.com\/trgovina\/#organization\",\"name\":\"Bdent trgovina\",\"url\":\"https:\/\/www.b-dent.com\/trgovina\/\",\"sameAs\":[\"https:\/\/www.facebook.com\/BdentZobozdravstveneStoritve\/\"],\"logo\":{\"@type\":\"ImageObject\",\"@id\":\"https:\/\/www.b-dent.com\/trgovina\/#logo\",\"inLanguage\":\"sl-SI\",\"url\":\"https:\/\/www.b-dent.com\/trgovina\/wp-content\/uploads\/2020\/06\/download.png\",\"width\":250,\"height\":90,\"caption\":\"Bdent trgovina\"},\"image\":{\"@id\":\"https:\/\/www.b-dent.com\/trgovina\/#logo\"}},{\"@type\":\"WebSite\",\"@id\":\"https:\/\/www.b-dent.com\/trgovina\/#website\",\"url\":\"https:\/\/www.b-dent.com\/trgovina\/\",\"name\":\"Bdent trgovina\",\"description\":\"\",\"publisher\":{\"@id\":\"https:\/\/www.b-dent.com\/trgovina\/#organization\"},\"potentialAction\":[{\"@type\":\"SearchAction\",\"target\":\"https:\/\/www.b-dent.com\/trgovina\/?s={search_term_string}\",\"query-input\":\"required name=search_term_string\"}],\"inLanguage\":\"sl-SI\"},{\"@type\":\"ImageObject\",\"@id\":\"http:\/\/www.b-dent.com\/trgovina\/product\/darilna-skatla-za-decke\/#primaryimage\",\"inLanguage\":\"sl-SI\",\"url\":\"https:\/\/www.b-dent.com\/trgovina\/wp-content\/uploads\/2020\/09\/darilna-skatla-za-decke1.jpg\",\"width\":540,\"height\":675},{\"@type\":\"WebPage\",\"@id\":\"http:\/\/www.b-dent.com\/trgovina\/product\/darilna-skatla-za-decke\/#webpage\",\"url\":\"http:\/\/www.b-dent.com\/trgovina\/product\/darilna-skatla-za-decke\/\",\"name\":\"Darilna \\u0161katla za de\\u010dke | Bdent trgovina\",\"isPartOf\":{\"@id\":\"https:\/\/www.b-dent.com\/trgovina\/#website\"},\"primaryImageOfPage\":{\"@id\":\"http:\/\/www.b-dent.com\/trgovina\/product\/darilna-skatla-za-decke\/#primaryimage\"},\"datePublished\":\"2020-09-27T16:34:11+00:00\",\"dateModified\":\"2024-07-02T14:05:21+00:00\",\"inLanguage\":\"sl-SI\",\"potentialAction\":[{\"@type\":\"ReadAction\",\"target\":[\"http:\/\/www.b-dent.com\/trgovina\/product\/darilna-skatla-za-decke\/\"]}]}]}<\/script>\n<!-- \/ Yoast SEO plugin. -->","_links":{"self":[{"href":"https:\/\/www.b-dent.com\/trgovina\/wp-json\/wp\/v2\/product\/215"}],"collection":[{"href":"https:\/\/www.b-dent.com\/trgovina\/wp-json\/wp\/v2\/product"}],"about":[{"href":"https:\/\/www.b-dent.com\/trgovina\/wp-json\/wp\/v2\/types\/product"}],"replies":[{"embeddable":true,"href":"https:\/\/www.b-dent.com\/trgovina\/wp-json\/wp\/v2\/comments?post=215"}],"wp:featuredmedia":[{"embeddable":true,"href":"https:\/\/www.b-dent.com\/trgovina\/wp-json\/wp\/v2\/media\/216"}],"wp:attachment":[{"href":"https:\/\/www.b-dent.com\/trgovina\/wp-json\/wp\/v2\/media?parent=215"}],"curies":[{"name":"wp","href":"https:\/\/api.w.org\/{rel}","templated":true}]}}