{"id":239,"date":"2020-10-16T08:51:37","date_gmt":"2020-10-16T08:51:37","guid":{"rendered":"http:\/\/www.b-dent.com\/trgovina\/?post_type=product&#038;p=239"},"modified":"2022-10-06T14:36:00","modified_gmt":"2022-10-06T14:36:00","slug":"obrocek-za-grizenje-moder","status":"publish","type":"product","link":"https:\/\/www.b-dent.com\/trgovina\/product\/obrocek-za-grizenje-moder\/","title":{"rendered":"Obro\u010dek za grizenje, moder"},"content":{"rendered":"<div id=\"collapse0\" class=\"in collapse show\" aria-expanded=\"true\" aria-labelledby=\"heading0\" data-parent=\"#accordion\">\n<div class=\"card-body\">\n<div id=\"product-description-short-186\"><\/div>\n<div class=\"product-description\">\n<p>&nbsp;<\/p>\n<p>Obro\u010dek za grizenje Curaprox baby:<\/p>\n<ul>\n<li>ropotuljica z barvnimi kroglicami za ohranjanje pozornosti in razvoj ustrezne koordinacije<\/li>\n<li>prijemanje, ob\u010dutenje, videnje in poslu\u0161anje \u2212 razli\u010dne povr\u0161ine, razli\u010dne trdote<\/li>\n<li>s svojim jezikom in nebom v ustih dojen\u010dek odkriva zanimive teksture in povr\u0161ine<\/li>\n<li>iz biokompatibilnih materialov, odporen na slino, nelomljiv in odporen na ugriz<\/li>\n<\/ul>\n<p><strong>Ne vsebuje bisfenola A (BPA)!<\/strong><\/p>\n<p>Izdelek je skladen z evropskim standardom EN 71.<\/p>\n<\/div>\n<\/div>\n<\/div>\n","protected":false},"excerpt":{"rendered":"<div id=\"product-description-short-186\">\n<p><strong>Za prijetnej\u0161e izra\u0161\u010danje zob &#8230;<\/strong><\/p>\n<\/div>\n<div class=\"product-description\">\n<p>\u2026 za va\u0161ega otroka in za vas! Spodbuja razvoj senzori\u010dnih in motori\u010dnih sposobnosti. Otroku pomaga pri pripravah na dan, ko si bo za\u010del sam umivati zobe.<\/p>\n<\/div>\n","protected":false},"featured_media":240,"comment_status":"open","ping_status":"closed","template":"","meta":{"spay_email":""},"yoast_head":"<!-- This site is optimized with the Yoast SEO plugin v14.8.1 - https:\/\/yoast.com\/wordpress\/plugins\/seo\/ -->\n<title>Obro\u010dek za grizenje, moder | Bdent trgovina<\/title>\n<meta name=\"robots\" content=\"index, follow\" \/>\n<meta name=\"googlebot\" content=\"index, follow, max-snippet:-1, max-image-preview:large, max-video-preview:-1\" \/>\n<meta name=\"bingbot\" content=\"index, follow, max-snippet:-1, max-image-preview:large, max-video-preview:-1\" \/>\n<link rel=\"canonical\" href=\"http:\/\/www.b-dent.com\/trgovina\/product\/obrocek-za-grizenje-moder\/\" \/>\n<meta property=\"og:locale\" content=\"sl_SI\" \/>\n<meta property=\"og:type\" content=\"article\" \/>\n<meta property=\"og:title\" content=\"Obro\u010dek za grizenje, moder | Bdent trgovina\" \/>\n<meta property=\"og:description\" content=\"Za prijetnej\u0161e izra\u0161\u010danje zob ...     \u2026 za va\u0161ega otroka in za vas! Spodbuja razvoj senzori\u010dnih in motori\u010dnih sposobnosti. Otroku pomaga pri pripravah na dan, ko si bo za\u010del sam umivati zobe.\" \/>\n<meta property=\"og:url\" content=\"http:\/\/www.b-dent.com\/trgovina\/product\/obrocek-za-grizenje-moder\/\" \/>\n<meta property=\"og:site_name\" content=\"Bdent trgovina\" \/>\n<meta property=\"article:publisher\" content=\"https:\/\/www.facebook.com\/BdentZobozdravstveneStoritve\/\" \/>\n<meta property=\"article:modified_time\" content=\"2022-10-06T14:36:00+00:00\" \/>\n<meta property=\"og:image\" content=\"https:\/\/www.b-dent.com\/trgovina\/wp-content\/uploads\/2020\/10\/obrocekFB.jpg\" \/>\n\t<meta property=\"og:image:width\" content=\"640\" \/>\n\t<meta property=\"og:image:height\" content=\"400\" \/>\n<meta name=\"twitter:card\" content=\"summary_large_image\" \/>\n<script type=\"application\/ld+json\" class=\"yoast-schema-graph\">{\"@context\":\"https:\/\/schema.org\",\"@graph\":[{\"@type\":\"Organization\",\"@id\":\"https:\/\/www.b-dent.com\/trgovina\/#organization\",\"name\":\"Bdent trgovina\",\"url\":\"https:\/\/www.b-dent.com\/trgovina\/\",\"sameAs\":[\"https:\/\/www.facebook.com\/BdentZobozdravstveneStoritve\/\"],\"logo\":{\"@type\":\"ImageObject\",\"@id\":\"https:\/\/www.b-dent.com\/trgovina\/#logo\",\"inLanguage\":\"sl-SI\",\"url\":\"https:\/\/www.b-dent.com\/trgovina\/wp-content\/uploads\/2020\/06\/download.png\",\"width\":250,\"height\":90,\"caption\":\"Bdent trgovina\"},\"image\":{\"@id\":\"https:\/\/www.b-dent.com\/trgovina\/#logo\"}},{\"@type\":\"WebSite\",\"@id\":\"https:\/\/www.b-dent.com\/trgovina\/#website\",\"url\":\"https:\/\/www.b-dent.com\/trgovina\/\",\"name\":\"Bdent trgovina\",\"description\":\"\",\"publisher\":{\"@id\":\"https:\/\/www.b-dent.com\/trgovina\/#organization\"},\"potentialAction\":[{\"@type\":\"SearchAction\",\"target\":\"https:\/\/www.b-dent.com\/trgovina\/?s={search_term_string}\",\"query-input\":\"required name=search_term_string\"}],\"inLanguage\":\"sl-SI\"},{\"@type\":\"ImageObject\",\"@id\":\"http:\/\/www.b-dent.com\/trgovina\/product\/obrocek-za-grizenje-moder\/#primaryimage\",\"inLanguage\":\"sl-SI\",\"url\":\"https:\/\/www.b-dent.com\/trgovina\/wp-content\/uploads\/2020\/10\/obrocek-za-grizenje-moder1.jpg\",\"width\":540,\"height\":675},{\"@type\":\"WebPage\",\"@id\":\"http:\/\/www.b-dent.com\/trgovina\/product\/obrocek-za-grizenje-moder\/#webpage\",\"url\":\"http:\/\/www.b-dent.com\/trgovina\/product\/obrocek-za-grizenje-moder\/\",\"name\":\"Obro\\u010dek za grizenje, moder | Bdent trgovina\",\"isPartOf\":{\"@id\":\"https:\/\/www.b-dent.com\/trgovina\/#website\"},\"primaryImageOfPage\":{\"@id\":\"http:\/\/www.b-dent.com\/trgovina\/product\/obrocek-za-grizenje-moder\/#primaryimage\"},\"datePublished\":\"2020-10-16T08:51:37+00:00\",\"dateModified\":\"2022-10-06T14:36:00+00:00\",\"inLanguage\":\"sl-SI\",\"potentialAction\":[{\"@type\":\"ReadAction\",\"target\":[\"http:\/\/www.b-dent.com\/trgovina\/product\/obrocek-za-grizenje-moder\/\"]}]}]}<\/script>\n<!-- \/ Yoast SEO plugin. -->","_links":{"self":[{"href":"https:\/\/www.b-dent.com\/trgovina\/wp-json\/wp\/v2\/product\/239"}],"collection":[{"href":"https:\/\/www.b-dent.com\/trgovina\/wp-json\/wp\/v2\/product"}],"about":[{"href":"https:\/\/www.b-dent.com\/trgovina\/wp-json\/wp\/v2\/types\/product"}],"replies":[{"embeddable":true,"href":"https:\/\/www.b-dent.com\/trgovina\/wp-json\/wp\/v2\/comments?post=239"}],"wp:featuredmedia":[{"embeddable":true,"href":"https:\/\/www.b-dent.com\/trgovina\/wp-json\/wp\/v2\/media\/240"}],"wp:attachment":[{"href":"https:\/\/www.b-dent.com\/trgovina\/wp-json\/wp\/v2\/media?parent=239"}],"curies":[{"name":"wp","href":"https:\/\/api.w.org\/{rel}","templated":true}]}}