{"id":263,"date":"2021-09-02T14:51:27","date_gmt":"2021-09-02T14:51:27","guid":{"rendered":"http:\/\/www.b-dent.com\/trgovina\/?post_type=product&#038;p=263"},"modified":"2024-11-11T11:13:15","modified_gmt":"2024-11-11T11:13:15","slug":"pero","status":"publish","type":"product","link":"https:\/\/www.b-dent.com\/trgovina\/product\/pero\/","title":{"rendered":"Pero"},"content":{"rendered":"<p>Unikatni, ro\u010dno izdelani uhani iz cirkonija.<\/p>\n<p>Uhana sta asimetri\u010dna, ki se na u\u0161esu lepo dopolnjujeta. Material omogo\u010da da so uhani lahki in za no\u0161enje trdni. (Kljub temu previdnost ni odve\u010d.) Poleg tega dajejo ob\u010dutek gracilnosti, saj na nekaterih delih skozi proseva svetloba.<\/p>\n<p>Velikost: 26mm x 8mm<\/p>\n<p>18mm x 5mm<\/p>\n","protected":false},"excerpt":{"rendered":"<p>Unikatni, ro\u010dno izdelani uhani iz cirkonija. Uhana sta asimetri\u010dna, ki se na u\u0161esu lepo dopolnjujeta. Material omogo\u010da da so uhani lahki in za no\u0161enje trdni. (Kljub temu previdnost ni odve\u010d.) Poleg tega dajejo ob\u010dutek gracilnosti, saj na nekaterih delih skozi proseva svetloba. Velikost: 26mm x 8mm 18mm x 5mm<\/p>\n","protected":false},"featured_media":261,"comment_status":"open","ping_status":"closed","template":"","meta":{"spay_email":""},"yoast_head":"<!-- This site is optimized with the Yoast SEO plugin v14.8.1 - https:\/\/yoast.com\/wordpress\/plugins\/seo\/ -->\n<title>Pero | Bdent trgovina<\/title>\n<meta name=\"robots\" content=\"index, follow\" \/>\n<meta name=\"googlebot\" content=\"index, follow, max-snippet:-1, max-image-preview:large, max-video-preview:-1\" \/>\n<meta name=\"bingbot\" content=\"index, follow, max-snippet:-1, max-image-preview:large, max-video-preview:-1\" \/>\n<link rel=\"canonical\" href=\"http:\/\/www.b-dent.com\/trgovina\/product\/pero\/\" \/>\n<meta property=\"og:locale\" content=\"sl_SI\" \/>\n<meta property=\"og:type\" content=\"article\" \/>\n<meta property=\"og:title\" content=\"Pero | Bdent trgovina\" \/>\n<meta property=\"og:description\" content=\"Unikatni, ro\u010dno izdelani uhani iz cirkonija. Uhana sta asimetri\u010dna, ki se na u\u0161esu lepo dopolnjujeta. Material omogo\u010da da so uhani lahki in za no\u0161enje trdni. (Kljub temu previdnost ni odve\u010d.) Poleg tega dajejo ob\u010dutek gracilnosti, saj na nekaterih delih skozi proseva svetloba. Velikost: 26mm x 8mm 18mm x 5mm\" \/>\n<meta property=\"og:url\" content=\"http:\/\/www.b-dent.com\/trgovina\/product\/pero\/\" \/>\n<meta property=\"og:site_name\" content=\"Bdent trgovina\" \/>\n<meta property=\"article:publisher\" content=\"https:\/\/www.facebook.com\/BdentZobozdravstveneStoritve\/\" \/>\n<meta property=\"article:modified_time\" content=\"2024-11-11T11:13:15+00:00\" \/>\n<meta property=\"og:image\" content=\"https:\/\/www.b-dent.com\/trgovina\/wp-content\/uploads\/2021\/09\/peroa-scaled.jpg\" \/>\n\t<meta property=\"og:image:width\" content=\"1707\" \/>\n\t<meta property=\"og:image:height\" content=\"2560\" \/>\n<meta name=\"twitter:card\" content=\"summary_large_image\" \/>\n<script type=\"application\/ld+json\" class=\"yoast-schema-graph\">{\"@context\":\"https:\/\/schema.org\",\"@graph\":[{\"@type\":\"Organization\",\"@id\":\"https:\/\/www.b-dent.com\/trgovina\/#organization\",\"name\":\"Bdent trgovina\",\"url\":\"https:\/\/www.b-dent.com\/trgovina\/\",\"sameAs\":[\"https:\/\/www.facebook.com\/BdentZobozdravstveneStoritve\/\"],\"logo\":{\"@type\":\"ImageObject\",\"@id\":\"https:\/\/www.b-dent.com\/trgovina\/#logo\",\"inLanguage\":\"sl-SI\",\"url\":\"https:\/\/www.b-dent.com\/trgovina\/wp-content\/uploads\/2020\/06\/download.png\",\"width\":250,\"height\":90,\"caption\":\"Bdent trgovina\"},\"image\":{\"@id\":\"https:\/\/www.b-dent.com\/trgovina\/#logo\"}},{\"@type\":\"WebSite\",\"@id\":\"https:\/\/www.b-dent.com\/trgovina\/#website\",\"url\":\"https:\/\/www.b-dent.com\/trgovina\/\",\"name\":\"Bdent trgovina\",\"description\":\"\",\"publisher\":{\"@id\":\"https:\/\/www.b-dent.com\/trgovina\/#organization\"},\"potentialAction\":[{\"@type\":\"SearchAction\",\"target\":\"https:\/\/www.b-dent.com\/trgovina\/?s={search_term_string}\",\"query-input\":\"required name=search_term_string\"}],\"inLanguage\":\"sl-SI\"},{\"@type\":\"ImageObject\",\"@id\":\"http:\/\/www.b-dent.com\/trgovina\/product\/pero\/#primaryimage\",\"inLanguage\":\"sl-SI\",\"url\":\"https:\/\/www.b-dent.com\/trgovina\/wp-content\/uploads\/2021\/09\/peroa-scaled.jpg\",\"width\":1707,\"height\":2560},{\"@type\":\"WebPage\",\"@id\":\"http:\/\/www.b-dent.com\/trgovina\/product\/pero\/#webpage\",\"url\":\"http:\/\/www.b-dent.com\/trgovina\/product\/pero\/\",\"name\":\"Pero | Bdent trgovina\",\"isPartOf\":{\"@id\":\"https:\/\/www.b-dent.com\/trgovina\/#website\"},\"primaryImageOfPage\":{\"@id\":\"http:\/\/www.b-dent.com\/trgovina\/product\/pero\/#primaryimage\"},\"datePublished\":\"2021-09-02T14:51:27+00:00\",\"dateModified\":\"2024-11-11T11:13:15+00:00\",\"inLanguage\":\"sl-SI\",\"potentialAction\":[{\"@type\":\"ReadAction\",\"target\":[\"http:\/\/www.b-dent.com\/trgovina\/product\/pero\/\"]}]}]}<\/script>\n<!-- \/ Yoast SEO plugin. -->","_links":{"self":[{"href":"https:\/\/www.b-dent.com\/trgovina\/wp-json\/wp\/v2\/product\/263"}],"collection":[{"href":"https:\/\/www.b-dent.com\/trgovina\/wp-json\/wp\/v2\/product"}],"about":[{"href":"https:\/\/www.b-dent.com\/trgovina\/wp-json\/wp\/v2\/types\/product"}],"replies":[{"embeddable":true,"href":"https:\/\/www.b-dent.com\/trgovina\/wp-json\/wp\/v2\/comments?post=263"}],"wp:featuredmedia":[{"embeddable":true,"href":"https:\/\/www.b-dent.com\/trgovina\/wp-json\/wp\/v2\/media\/261"}],"wp:attachment":[{"href":"https:\/\/www.b-dent.com\/trgovina\/wp-json\/wp\/v2\/media?parent=263"}],"curies":[{"name":"wp","href":"https:\/\/api.w.org\/{rel}","templated":true}]}}