{"id":276,"date":"2021-12-14T11:25:29","date_gmt":"2021-12-14T11:25:29","guid":{"rendered":"http:\/\/www.b-dent.com\/trgovina\/?post_type=product&#038;p=276"},"modified":"2024-04-03T20:20:33","modified_gmt":"2024-04-03T20:20:33","slug":"uhani-sloncki","status":"publish","type":"product","link":"https:\/\/www.b-dent.com\/trgovina\/product\/uhani-sloncki\/","title":{"rendered":"Slon\u010dka, uhani"},"content":{"rendered":"","protected":false},"excerpt":{"rendered":"<p>Unikatni in ro\u010dno izdelani uhani iz cirkonija, premazani z lustrom (pravo zlato in baker).<\/p>\n<p>So lahki za no\u0161njo, vendar trdni. Pritrjeni na osnovo iz nerjave\u010dega jekla.<\/p>\n<p>Slon simbolizira sre\u010do, izra\u017ea pa tudi globoko spo\u0161tovanje, zvestobo, naklonjenost in skrbnost. Uhani so tako odli\u010dno darilo sebi ali bli\u017enjim.<\/p>\n<p>Velikost je: 11mm x 11mm<\/p>\n","protected":false},"featured_media":277,"comment_status":"open","ping_status":"closed","template":"","meta":{"spay_email":""},"yoast_head":"<!-- This site is optimized with the Yoast SEO plugin v14.8.1 - https:\/\/yoast.com\/wordpress\/plugins\/seo\/ -->\n<title>Slon\u010dka, uhani | Bdent trgovina<\/title>\n<meta name=\"robots\" content=\"index, follow\" \/>\n<meta name=\"googlebot\" content=\"index, follow, max-snippet:-1, max-image-preview:large, max-video-preview:-1\" \/>\n<meta name=\"bingbot\" content=\"index, follow, max-snippet:-1, max-image-preview:large, max-video-preview:-1\" \/>\n<link rel=\"canonical\" href=\"http:\/\/www.b-dent.com\/trgovina\/product\/uhani-sloncki\/\" \/>\n<meta property=\"og:locale\" content=\"sl_SI\" \/>\n<meta property=\"og:type\" content=\"article\" \/>\n<meta property=\"og:title\" content=\"Slon\u010dka, uhani | Bdent trgovina\" \/>\n<meta property=\"og:description\" content=\"Unikatni in ro\u010dno izdelani uhani iz cirkonija, premazani z lustrom (pravo zlato in baker).  So lahki za no\u0161njo, vendar trdni. Pritrjeni na osnovo iz nerjave\u010dega jekla.  Slon simbolizira sre\u010do, izra\u017ea pa tudi globoko spo\u0161tovanje, zvestobo, naklonjenost in skrbnost. Uhani so tako odli\u010dno darilo sebi ali bli\u017enjim.  Velikost je: 11mm x 11mm\" \/>\n<meta property=\"og:url\" content=\"http:\/\/www.b-dent.com\/trgovina\/product\/uhani-sloncki\/\" \/>\n<meta property=\"og:site_name\" content=\"Bdent trgovina\" \/>\n<meta property=\"article:publisher\" content=\"https:\/\/www.facebook.com\/BdentZobozdravstveneStoritve\/\" \/>\n<meta property=\"article:modified_time\" content=\"2024-04-03T20:20:33+00:00\" \/>\n<meta property=\"og:image\" content=\"https:\/\/www.b-dent.com\/trgovina\/wp-content\/uploads\/2021\/12\/sloncki-scaled.jpg\" \/>\n\t<meta property=\"og:image:width\" content=\"2560\" \/>\n\t<meta property=\"og:image:height\" content=\"1706\" \/>\n<meta name=\"twitter:card\" content=\"summary_large_image\" \/>\n<script type=\"application\/ld+json\" class=\"yoast-schema-graph\">{\"@context\":\"https:\/\/schema.org\",\"@graph\":[{\"@type\":\"Organization\",\"@id\":\"https:\/\/www.b-dent.com\/trgovina\/#organization\",\"name\":\"Bdent trgovina\",\"url\":\"https:\/\/www.b-dent.com\/trgovina\/\",\"sameAs\":[\"https:\/\/www.facebook.com\/BdentZobozdravstveneStoritve\/\"],\"logo\":{\"@type\":\"ImageObject\",\"@id\":\"https:\/\/www.b-dent.com\/trgovina\/#logo\",\"inLanguage\":\"sl-SI\",\"url\":\"https:\/\/www.b-dent.com\/trgovina\/wp-content\/uploads\/2020\/06\/download.png\",\"width\":250,\"height\":90,\"caption\":\"Bdent trgovina\"},\"image\":{\"@id\":\"https:\/\/www.b-dent.com\/trgovina\/#logo\"}},{\"@type\":\"WebSite\",\"@id\":\"https:\/\/www.b-dent.com\/trgovina\/#website\",\"url\":\"https:\/\/www.b-dent.com\/trgovina\/\",\"name\":\"Bdent trgovina\",\"description\":\"\",\"publisher\":{\"@id\":\"https:\/\/www.b-dent.com\/trgovina\/#organization\"},\"potentialAction\":[{\"@type\":\"SearchAction\",\"target\":\"https:\/\/www.b-dent.com\/trgovina\/?s={search_term_string}\",\"query-input\":\"required name=search_term_string\"}],\"inLanguage\":\"sl-SI\"},{\"@type\":\"ImageObject\",\"@id\":\"http:\/\/www.b-dent.com\/trgovina\/product\/uhani-sloncki\/#primaryimage\",\"inLanguage\":\"sl-SI\",\"url\":\"https:\/\/www.b-dent.com\/trgovina\/wp-content\/uploads\/2021\/12\/sloncki-scaled.jpg\",\"width\":2560,\"height\":1706},{\"@type\":\"WebPage\",\"@id\":\"http:\/\/www.b-dent.com\/trgovina\/product\/uhani-sloncki\/#webpage\",\"url\":\"http:\/\/www.b-dent.com\/trgovina\/product\/uhani-sloncki\/\",\"name\":\"Slon\\u010dka, uhani | Bdent trgovina\",\"isPartOf\":{\"@id\":\"https:\/\/www.b-dent.com\/trgovina\/#website\"},\"primaryImageOfPage\":{\"@id\":\"http:\/\/www.b-dent.com\/trgovina\/product\/uhani-sloncki\/#primaryimage\"},\"datePublished\":\"2021-12-14T11:25:29+00:00\",\"dateModified\":\"2024-04-03T20:20:33+00:00\",\"inLanguage\":\"sl-SI\",\"potentialAction\":[{\"@type\":\"ReadAction\",\"target\":[\"http:\/\/www.b-dent.com\/trgovina\/product\/uhani-sloncki\/\"]}]}]}<\/script>\n<!-- \/ Yoast SEO plugin. -->","_links":{"self":[{"href":"https:\/\/www.b-dent.com\/trgovina\/wp-json\/wp\/v2\/product\/276"}],"collection":[{"href":"https:\/\/www.b-dent.com\/trgovina\/wp-json\/wp\/v2\/product"}],"about":[{"href":"https:\/\/www.b-dent.com\/trgovina\/wp-json\/wp\/v2\/types\/product"}],"replies":[{"embeddable":true,"href":"https:\/\/www.b-dent.com\/trgovina\/wp-json\/wp\/v2\/comments?post=276"}],"wp:featuredmedia":[{"embeddable":true,"href":"https:\/\/www.b-dent.com\/trgovina\/wp-json\/wp\/v2\/media\/277"}],"wp:attachment":[{"href":"https:\/\/www.b-dent.com\/trgovina\/wp-json\/wp\/v2\/media?parent=276"}],"curies":[{"name":"wp","href":"https:\/\/api.w.org\/{rel}","templated":true}]}}