{"id":291,"date":"2021-12-22T11:27:12","date_gmt":"2021-12-22T11:27:12","guid":{"rendered":"http:\/\/www.b-dent.com\/trgovina\/?post_type=product&#038;p=291"},"modified":"2021-12-22T11:27:13","modified_gmt":"2021-12-22T11:27:13","slug":"cvetova-uhani","status":"publish","type":"product","link":"https:\/\/www.b-dent.com\/trgovina\/product\/cvetova-uhani\/","title":{"rendered":"Cvetova, uhani"},"content":{"rendered":"","protected":false},"excerpt":{"rendered":"<p>Prikupni, unikatni in ro\u010dno izdelani (zbru\u0161eni) iz cirkonija. Material omogo\u010da, da so uhan\u010dki lahki za no\u0161njo, rahlo transparentni, vendar trdni (kljub temu previdnost ni odve\u010d).<\/p>\n<p>Uhani so pritrjeni na medicinski osnovi (kirur\u0161ko jeklo).<\/p>\n<p>Velikost: 13mm x 13mm<\/p>\n","protected":false},"featured_media":292,"comment_status":"open","ping_status":"closed","template":"","meta":{"spay_email":""},"yoast_head":"<!-- This site is optimized with the Yoast SEO plugin v14.8.1 - https:\/\/yoast.com\/wordpress\/plugins\/seo\/ -->\n<title>Cvetova, uhani | Bdent trgovina<\/title>\n<meta name=\"robots\" content=\"index, follow\" \/>\n<meta name=\"googlebot\" content=\"index, follow, max-snippet:-1, max-image-preview:large, max-video-preview:-1\" \/>\n<meta name=\"bingbot\" content=\"index, follow, max-snippet:-1, max-image-preview:large, max-video-preview:-1\" \/>\n<link rel=\"canonical\" href=\"http:\/\/www.b-dent.com\/trgovina\/product\/cvetova-uhani\/\" \/>\n<meta property=\"og:locale\" content=\"sl_SI\" \/>\n<meta property=\"og:type\" content=\"article\" \/>\n<meta property=\"og:title\" content=\"Cvetova, uhani | Bdent trgovina\" \/>\n<meta property=\"og:description\" content=\"Prikupni, unikatni in ro\u010dno izdelani (zbru\u0161eni) iz cirkonija. Material omogo\u010da, da so uhan\u010dki lahki za no\u0161njo, rahlo transparentni, vendar trdni (kljub temu previdnost ni odve\u010d).  Uhani so pritrjeni na medicinski osnovi (kirur\u0161ko jeklo).  Velikost: 13mm x 13mm\" \/>\n<meta property=\"og:url\" content=\"http:\/\/www.b-dent.com\/trgovina\/product\/cvetova-uhani\/\" \/>\n<meta property=\"og:site_name\" content=\"Bdent trgovina\" \/>\n<meta property=\"article:publisher\" content=\"https:\/\/www.facebook.com\/BdentZobozdravstveneStoritve\/\" \/>\n<meta property=\"article:modified_time\" content=\"2021-12-22T11:27:13+00:00\" \/>\n<meta property=\"og:image\" content=\"https:\/\/www.b-dent.com\/trgovina\/wp-content\/uploads\/2021\/12\/cvetki-scaled.jpg\" \/>\n\t<meta property=\"og:image:width\" content=\"2560\" \/>\n\t<meta property=\"og:image:height\" content=\"1707\" \/>\n<meta name=\"twitter:card\" content=\"summary_large_image\" \/>\n<script type=\"application\/ld+json\" class=\"yoast-schema-graph\">{\"@context\":\"https:\/\/schema.org\",\"@graph\":[{\"@type\":\"Organization\",\"@id\":\"https:\/\/www.b-dent.com\/trgovina\/#organization\",\"name\":\"Bdent trgovina\",\"url\":\"https:\/\/www.b-dent.com\/trgovina\/\",\"sameAs\":[\"https:\/\/www.facebook.com\/BdentZobozdravstveneStoritve\/\"],\"logo\":{\"@type\":\"ImageObject\",\"@id\":\"https:\/\/www.b-dent.com\/trgovina\/#logo\",\"inLanguage\":\"sl-SI\",\"url\":\"https:\/\/www.b-dent.com\/trgovina\/wp-content\/uploads\/2020\/06\/download.png\",\"width\":250,\"height\":90,\"caption\":\"Bdent trgovina\"},\"image\":{\"@id\":\"https:\/\/www.b-dent.com\/trgovina\/#logo\"}},{\"@type\":\"WebSite\",\"@id\":\"https:\/\/www.b-dent.com\/trgovina\/#website\",\"url\":\"https:\/\/www.b-dent.com\/trgovina\/\",\"name\":\"Bdent trgovina\",\"description\":\"\",\"publisher\":{\"@id\":\"https:\/\/www.b-dent.com\/trgovina\/#organization\"},\"potentialAction\":[{\"@type\":\"SearchAction\",\"target\":\"https:\/\/www.b-dent.com\/trgovina\/?s={search_term_string}\",\"query-input\":\"required name=search_term_string\"}],\"inLanguage\":\"sl-SI\"},{\"@type\":\"ImageObject\",\"@id\":\"http:\/\/www.b-dent.com\/trgovina\/product\/cvetova-uhani\/#primaryimage\",\"inLanguage\":\"sl-SI\",\"url\":\"https:\/\/www.b-dent.com\/trgovina\/wp-content\/uploads\/2021\/12\/cvetki-scaled.jpg\",\"width\":2560,\"height\":1707},{\"@type\":\"WebPage\",\"@id\":\"http:\/\/www.b-dent.com\/trgovina\/product\/cvetova-uhani\/#webpage\",\"url\":\"http:\/\/www.b-dent.com\/trgovina\/product\/cvetova-uhani\/\",\"name\":\"Cvetova, uhani | Bdent trgovina\",\"isPartOf\":{\"@id\":\"https:\/\/www.b-dent.com\/trgovina\/#website\"},\"primaryImageOfPage\":{\"@id\":\"http:\/\/www.b-dent.com\/trgovina\/product\/cvetova-uhani\/#primaryimage\"},\"datePublished\":\"2021-12-22T11:27:12+00:00\",\"dateModified\":\"2021-12-22T11:27:13+00:00\",\"inLanguage\":\"sl-SI\",\"potentialAction\":[{\"@type\":\"ReadAction\",\"target\":[\"http:\/\/www.b-dent.com\/trgovina\/product\/cvetova-uhani\/\"]}]}]}<\/script>\n<!-- \/ Yoast SEO plugin. -->","_links":{"self":[{"href":"https:\/\/www.b-dent.com\/trgovina\/wp-json\/wp\/v2\/product\/291"}],"collection":[{"href":"https:\/\/www.b-dent.com\/trgovina\/wp-json\/wp\/v2\/product"}],"about":[{"href":"https:\/\/www.b-dent.com\/trgovina\/wp-json\/wp\/v2\/types\/product"}],"replies":[{"embeddable":true,"href":"https:\/\/www.b-dent.com\/trgovina\/wp-json\/wp\/v2\/comments?post=291"}],"wp:featuredmedia":[{"embeddable":true,"href":"https:\/\/www.b-dent.com\/trgovina\/wp-json\/wp\/v2\/media\/292"}],"wp:attachment":[{"href":"https:\/\/www.b-dent.com\/trgovina\/wp-json\/wp\/v2\/media?parent=291"}],"curies":[{"name":"wp","href":"https:\/\/api.w.org\/{rel}","templated":true}]}}